{"id":203,"date":"2023-11-13T07:35:35","date_gmt":"2023-11-13T07:35:35","guid":{"rendered":"https:\/\/neumaticoparacamion.com\/?post_type=product&#038;p=203"},"modified":"2024-02-27T08:50:33","modified_gmt":"2024-02-27T08:50:33","slug":"llantas-para-camion-22-5-nuevas-fr176-es-un-neumatico","status":"publish","type":"product","link":"https:\/\/neumaticoparacamion.com\/?product=llantas-para-camion-22-5-nuevas-fr176-es-un-neumatico","title":{"rendered":"FR176 trailer wheel"},"content":{"rendered":"<h3>Caracter\u00edsticas<\/h3>\n<ul>\n<li>La baja resistencia a la rodadura ayuda a que los neum\u00e1ticos obtengan un bajo consumo de combustible y un bajo nivel de ruido.<\/li>\n<li>La f\u00f3rmula de la banda de rodadura de baja generaci\u00f3n de calor genera menos calor para prolongar la vida \u00fatil de los neum\u00e1ticos.<\/li>\n<li>Una carcasa m\u00e1s resistente garantiza una excelente durabilidad y una vida \u00fatil m\u00e1s larga.<\/li>\n<li>Ligeras ranuras en zigzag evitan que las ruedas del remolque se deslicen lateralmente.<\/li>\n<\/ul>\n<h3>Especificaci\u00f3n<\/h3>\n<table style=\"border-collapse: collapse; width: 992.02pt;\" border=\"0\" width=\"992\" cellspacing=\"0\" cellpadding=\"0\">\n<tbody>\n<tr style=\"height: 18.00pt;\">\n<td class=\"et2\" style=\"height: 36.75pt; width: 131.35pt; border-bottom: 1.0pt solid #000000;\" rowspan=\"2\" width=\"131\" height=\"36\">Size<\/td>\n<td class=\"et3\" style=\"width: 332.70pt; border-bottom: 1.0pt solid #000000;\" rowspan=\"2\" width=\"332\">PR<\/td>\n<td class=\"et4\" style=\"width: 62.05pt;\" width=\"62\">Standard<\/td>\n<td class=\"et4\" style=\"width: 54.00pt;\" width=\"54\">Load<\/td>\n<td class=\"et3\" style=\"width: 54.00pt; border-bottom: 1.0pt solid #000000;\" rowspan=\"2\" width=\"54\">Speed Rating<\/td>\n<td class=\"et3\" style=\"width: 63.55pt; border-bottom: 1.0pt solid #000000;\" rowspan=\"2\" width=\"63\">Section width(mm)<\/td>\n<td class=\"et3\" style=\"width: 54.00pt; border-bottom: 1.0pt solid #000000;\" rowspan=\"2\" width=\"54\">O.D(mm)<\/td>\n<td class=\"et3\" style=\"width: 67.40pt; border-bottom: 1.0pt solid #000000;\" rowspan=\"2\" width=\"67\">Tread Depth(mm)<\/td>\n<td class=\"et12\" style=\"width: 108.00pt; border-right: .5pt solid #000000;\" colspan=\"2\" width=\"108\">Load Capacity<\/td>\n<td class=\"et14\" style=\"width: 65.50pt; border-bottom: .5pt solid #000000;\" rowspan=\"2\" width=\"65\">TREAD Width(mm)<\/td>\n<\/tr>\n<tr style=\"height: 18.75pt;\">\n<td class=\"et7\" style=\"width: 62.05pt;\" width=\"62\">Rim<\/td>\n<td class=\"et7\" style=\"width: 54.00pt;\" width=\"54\">index<\/td>\n<td class=\"et15\" style=\"width: 54.00pt;\" width=\"54\">Single<\/td>\n<td class=\"et16\" style=\"width: 54.00pt;\" width=\"54\">Dual<\/td>\n<\/tr>\n<tr style=\"height: 17.60pt;\">\n<td class=\"et8\" style=\"height: 17.60pt; width: 131.35pt;\" width=\"131\" height=\"17\">385\/65R22.5<\/td>\n<td class=\"et9\" style=\"width: 332.70pt;\" width=\"332\">24<\/td>\n<td class=\"et10\" style=\"width: 62.05pt;\" width=\"62\">11.75<\/td>\n<td class=\"et11\" style=\"width: 54.00pt;\" width=\"54\">164<\/td>\n<td class=\"et11\" style=\"width: 54.00pt;\" width=\"54\">K<\/td>\n<td class=\"et9\" style=\"width: 63.55pt;\" width=\"63\">390<\/td>\n<td class=\"et9\" style=\"width: 54.00pt;\" width=\"54\">1070<\/td>\n<td class=\"et11\" style=\"width: 67.40pt;\" width=\"67\">16.5<\/td>\n<td class=\"et11\" style=\"width: 108.00pt; border-right: .5pt solid #000000;\" colspan=\"2\" width=\"108\">5000<\/td>\n<td class=\"et19\">315<\/td>\n<\/tr>\n<\/tbody>\n<\/table>\n","protected":false},"excerpt":{"rendered":"<h2><a href=\"https:\/\/neumaticoparacamion.com\/?page_id=49\">Llantas para camion 22.5<\/a> nuevas FR176 llantas chinas para camion es un neum\u00e1tico s\u00faper simple adecuado para la posici\u00f3n de direcci\u00f3n\/remolque de camiones en servicios regionales\/de larga distancia<\/h2>\n","protected":false},"featured_media":515,"comment_status":"open","ping_status":"closed","template":"","meta":[],"product_cat":[15],"product_tag":[],"_links":{"self":[{"href":"https:\/\/neumaticoparacamion.com\/index.php?rest_route=\/wp\/v2\/product\/203"}],"collection":[{"href":"https:\/\/neumaticoparacamion.com\/index.php?rest_route=\/wp\/v2\/product"}],"about":[{"href":"https:\/\/neumaticoparacamion.com\/index.php?rest_route=\/wp\/v2\/types\/product"}],"replies":[{"embeddable":true,"href":"https:\/\/neumaticoparacamion.com\/index.php?rest_route=%2Fwp%2Fv2%2Fcomments&post=203"}],"wp:featuredmedia":[{"embeddable":true,"href":"https:\/\/neumaticoparacamion.com\/index.php?rest_route=\/wp\/v2\/media\/515"}],"wp:attachment":[{"href":"https:\/\/neumaticoparacamion.com\/index.php?rest_route=%2Fwp%2Fv2%2Fmedia&parent=203"}],"wp:term":[{"taxonomy":"product_cat","embeddable":true,"href":"https:\/\/neumaticoparacamion.com\/index.php?rest_route=%2Fwp%2Fv2%2Fproduct_cat&post=203"},{"taxonomy":"product_tag","embeddable":true,"href":"https:\/\/neumaticoparacamion.com\/index.php?rest_route=%2Fwp%2Fv2%2Fproduct_tag&post=203"}],"curies":[{"name":"wp","href":"https:\/\/api.w.org\/{rel}","templated":true}]}}