{"id":205,"date":"2023-11-13T08:12:07","date_gmt":"2023-11-13T08:12:07","guid":{"rendered":"https:\/\/neumaticoparacamion.com\/?post_type=product&#038;p=205"},"modified":"2024-02-27T08:44:46","modified_gmt":"2024-02-27T08:44:46","slug":"llantas-22-5-traccion-fd901-son-neumaticos-para-camiones","status":"publish","type":"product","link":"https:\/\/neumaticoparacamion.com\/?product=llantas-22-5-traccion-fd901-son-neumaticos-para-camiones","title":{"rendered":"FD901  Drive wheel"},"content":{"rendered":"<h3>Caracter\u00edsticas<\/h3>\n<ul>\n<li>El dise\u00f1o de patr\u00f3n \u00fanico es eficaz contra cortes.<\/li>\n<li>Excelente tracci\u00f3n<\/li>\n<li>Alta resistencia al frote<\/li>\n<\/ul>\n<h3>Especificaci\u00f3n<\/h3>\n<table style=\"border-collapse: collapse; width: 992.02pt;\" border=\"0\" width=\"992\" cellspacing=\"0\" cellpadding=\"0\">\n<tbody>\n<tr style=\"height: 18.00pt;\">\n<td class=\"et2\" style=\"height: 36.00pt; width: 131.35pt;\" rowspan=\"2\" width=\"131\" height=\"36\">Size<\/td>\n<td class=\"et3\" style=\"width: 332.70pt;\" rowspan=\"2\" width=\"332\">PR<\/td>\n<td class=\"et3\" style=\"width: 62.05pt;\" width=\"62\">Standard<\/td>\n<td class=\"et3\" style=\"width: 54.00pt;\" width=\"54\">Load<\/td>\n<td class=\"et3\" style=\"width: 54.00pt;\" rowspan=\"2\" width=\"54\">Speed Rating<\/td>\n<td class=\"et3\" style=\"width: 63.55pt;\" rowspan=\"2\" width=\"63\">Section width(mm)<\/td>\n<td class=\"et3\" style=\"width: 54.00pt;\" rowspan=\"2\" width=\"54\">O.D(mm)<\/td>\n<td class=\"et3\" style=\"width: 67.40pt;\" rowspan=\"2\" width=\"67\">Tread Depth(mm)<\/td>\n<td class=\"et3\" style=\"width: 108.00pt;\" colspan=\"2\" width=\"108\">Load Capacity<\/td>\n<td class=\"et3\" style=\"width: 65.50pt;\" rowspan=\"2\" width=\"65\">TREAD Width(mm)<\/td>\n<\/tr>\n<tr style=\"height: 18.00pt;\">\n<td class=\"et4\" style=\"width: 62.05pt;\" width=\"62\">Rim<\/td>\n<td class=\"et4\" style=\"width: 54.00pt;\" width=\"54\">index<\/td>\n<td class=\"et4\" style=\"width: 54.00pt;\" width=\"54\">Single<\/td>\n<td class=\"et4\" style=\"width: 54.00pt;\" width=\"54\">Dual<\/td>\n<\/tr>\n<tr style=\"height: 17.60pt;\">\n<td class=\"et5\" style=\"height: 17.60pt;\" height=\"17\">215\/75R17.5<\/td>\n<td class=\"et5\">18<\/td>\n<td class=\"et6\">6.00<\/td>\n<td class=\"et5\">135\/133<\/td>\n<td class=\"et7\">J<\/td>\n<td class=\"et5\">211<\/td>\n<td class=\"et5\">766<\/td>\n<td class=\"et6\">15.5<\/td>\n<td class=\"et5\">2180<\/td>\n<td class=\"et5\">2060<\/td>\n<td class=\"et5\">185<\/td>\n<\/tr>\n<tr style=\"height: 17.60pt;\">\n<td class=\"et5\" style=\"height: 17.60pt;\" height=\"17\">225\/70R19.5<\/td>\n<td class=\"et5\">18<\/td>\n<td class=\"et6\">6.75<\/td>\n<td class=\"et5\">132\/130<\/td>\n<td class=\"et5\">K<\/td>\n<td class=\"et5\">226<\/td>\n<td class=\"et5\">811<\/td>\n<td class=\"et6\">15.5<\/td>\n<td class=\"et5\">2000<\/td>\n<td class=\"et5\">1900<\/td>\n<td class=\"et5\">186<\/td>\n<\/tr>\n<tr style=\"height: 17.60pt;\">\n<td class=\"et7\" style=\"height: 17.60pt;\" height=\"17\">225\/80R17.5<\/td>\n<td class=\"et7\">18<\/td>\n<td class=\"et6\">6.75<\/td>\n<td class=\"et7\">129\/127<\/td>\n<td class=\"et7\">J<\/td>\n<td class=\"et7\">222<\/td>\n<td class=\"et7\">805<\/td>\n<td class=\"et6\">14.0<\/td>\n<td class=\"et7\">1850<\/td>\n<td class=\"et7\">1750<\/td>\n<td class=\"et7\">175<\/td>\n<\/tr>\n<tr style=\"height: 17.60pt;\">\n<td class=\"et5\" style=\"height: 17.60pt;\" height=\"17\">235\/75R17.5<\/td>\n<td class=\"et5\">18<\/td>\n<td class=\"et6\">6.75<\/td>\n<td class=\"et5\">143\/141<\/td>\n<td class=\"et5\">J<\/td>\n<td class=\"et5\">233<\/td>\n<td class=\"et5\">790<\/td>\n<td class=\"et6\">15.5<\/td>\n<td class=\"et5\">2725<\/td>\n<td class=\"et5\">2575<\/td>\n<td class=\"et5\">192<\/td>\n<\/tr>\n<tr style=\"height: 17.60pt;\">\n<td class=\"et5\" style=\"height: 17.60pt;\" height=\"17\">245\/70R17.5<\/td>\n<td class=\"et5\">18<\/td>\n<td class=\"et6\">7.50<\/td>\n<td class=\"et5\">134\/132<\/td>\n<td class=\"et5\">K<\/td>\n<td class=\"et5\">248<\/td>\n<td class=\"et5\">789<\/td>\n<td class=\"et6\">15.5<\/td>\n<td class=\"et5\">2120<\/td>\n<td class=\"et5\">2000<\/td>\n<td class=\"et5\">208<\/td>\n<\/tr>\n<tr style=\"height: 17.60pt;\">\n<td class=\"et5\" style=\"height: 17.60pt;\" height=\"17\">265\/70R19.5<\/td>\n<td class=\"et5\">18<\/td>\n<td class=\"et6\">7.50<\/td>\n<td class=\"et5\">143\/141<\/td>\n<td class=\"et5\">J<\/td>\n<td class=\"et5\">262<\/td>\n<td class=\"et5\">876<\/td>\n<td class=\"et6\">15.5<\/td>\n<td class=\"et5\">2725<\/td>\n<td class=\"et5\">2575<\/td>\n<td class=\"et5\">210<\/td>\n<\/tr>\n<tr style=\"height: 17.60pt;\">\n<td class=\"et5\" style=\"height: 17.60pt;\" height=\"17\">9.5R17.5<\/td>\n<td class=\"et5\">18<\/td>\n<td class=\"et6\">6.75<\/td>\n<td class=\"et5\">143\/141<\/td>\n<td class=\"et5\">K<\/td>\n<td class=\"et5\">240<\/td>\n<td class=\"et5\">842<\/td>\n<td class=\"et6\">16.5<\/td>\n<td class=\"et5\">2725<\/td>\n<td class=\"et5\">2575<\/td>\n<td class=\"et5\">182<\/td>\n<\/tr>\n<tr style=\"height: 17.60pt;\">\n<td class=\"et5\" style=\"height: 17.60pt;\" height=\"17\">315\/80R22.5<\/td>\n<td class=\"et5\">20<\/td>\n<td class=\"et6\">9.00<\/td>\n<td class=\"et5\">157\/154<\/td>\n<td class=\"et5\">K<\/td>\n<td class=\"et5\">312<\/td>\n<td class=\"et5\">1076<\/td>\n<td class=\"et6\">20.0<\/td>\n<td class=\"et5\">4125<\/td>\n<td class=\"et5\">3750<\/td>\n<td class=\"et5\">250<\/td>\n<\/tr>\n<\/tbody>\n<\/table>\n","protected":false},"excerpt":{"rendered":"<h2><a href=\"https:\/\/neumaticoparacamion.com\/?page_id=49\">llantas 22.5 traccion<\/a> FD901 225 70R19.5 son neum\u00e1ticos para camiones anchos adecuados para camiones regionales y de larga distancia<\/h2>\n","protected":false},"featured_media":513,"comment_status":"open","ping_status":"closed","template":"","meta":[],"product_cat":[15],"product_tag":[],"_links":{"self":[{"href":"https:\/\/neumaticoparacamion.com\/index.php?rest_route=\/wp\/v2\/product\/205"}],"collection":[{"href":"https:\/\/neumaticoparacamion.com\/index.php?rest_route=\/wp\/v2\/product"}],"about":[{"href":"https:\/\/neumaticoparacamion.com\/index.php?rest_route=\/wp\/v2\/types\/product"}],"replies":[{"embeddable":true,"href":"https:\/\/neumaticoparacamion.com\/index.php?rest_route=%2Fwp%2Fv2%2Fcomments&post=205"}],"wp:featuredmedia":[{"embeddable":true,"href":"https:\/\/neumaticoparacamion.com\/index.php?rest_route=\/wp\/v2\/media\/513"}],"wp:attachment":[{"href":"https:\/\/neumaticoparacamion.com\/index.php?rest_route=%2Fwp%2Fv2%2Fmedia&parent=205"}],"wp:term":[{"taxonomy":"product_cat","embeddable":true,"href":"https:\/\/neumaticoparacamion.com\/index.php?rest_route=%2Fwp%2Fv2%2Fproduct_cat&post=205"},{"taxonomy":"product_tag","embeddable":true,"href":"https:\/\/neumaticoparacamion.com\/index.php?rest_route=%2Fwp%2Fv2%2Fproduct_tag&post=205"}],"curies":[{"name":"wp","href":"https:\/\/api.w.org\/{rel}","templated":true}]}}