{"id":210,"date":"2023-11-13T08:51:48","date_gmt":"2023-11-13T08:51:48","guid":{"rendered":"https:\/\/neumaticoparacamion.com\/?post_type=product&#038;p=210"},"modified":"2024-03-11T06:50:23","modified_gmt":"2024-03-11T06:50:23","slug":"llantas-para-trailer-24-5-fr638","status":"publish","type":"product","link":"https:\/\/neumaticoparacamion.com\/?product=llantas-para-trailer-24-5-fr638","title":{"rendered":"Rueda tracci\u00f3n FR638"},"content":{"rendered":"<h3>Caracter\u00edsticas<\/h3>\n<ul>\n<li>El compuesto especial resistente a desgarros y cortes prolonga la vida \u00fatil de los neum\u00e1ticos.<\/li>\n<li>Los hombros abiertos ultraprofundos proporcionan tracci\u00f3n y rendimiento de frenado superiores incluso en entornos severos.<\/li>\n<li>Las nervaduras de refuerzo de la corona protegen el neum\u00e1tico de da\u00f1os causados por objetos duros y punzantes.<\/li>\n<\/ul>\n<h3>Especificaci\u00f3n<\/h3>\n<table style=\"height: 256px;\" width=\"1208\">\n<tbody>\n<tr>\n<td rowspan=\"2\" width=\"131\">Medida<\/td>\n<td rowspan=\"2\" width=\"415\">PR<\/td>\n<td width=\"62\">Est\u00e1ndar<\/td>\n<td width=\"54\">Carga<\/td>\n<td rowspan=\"2\" width=\"70\">Velocidad<br \/>\nvaluaci\u00f3n<\/td>\n<td rowspan=\"2\" width=\"93\">Ancho de la secci\u00f3n(mm)<\/td>\n<td rowspan=\"2\" width=\"54\">O.D(mm)<\/td>\n<td rowspan=\"2\" width=\"67\">Profundidad de la banda de rodadura(mm)<\/td>\n<td colspan=\"2\" width=\"108\">Capacidad de carga<\/td>\n<td rowspan=\"2\" width=\"65\">Ancho de la pisada (mm)<\/td>\n<\/tr>\n<tr>\n<td width=\"62\">Rim<\/td>\n<td width=\"54\">\u00edndice<\/td>\n<td width=\"54\">Soltero<\/td>\n<td width=\"54\">\u00a0Doble<\/td>\n<\/tr>\n<tr>\n<td>S POWER11R22.5<\/td>\n<td>18<\/td>\n<td>8.25<\/td>\n<td>149\/146<\/td>\n<td>L<\/td>\n<td>279<\/td>\n<td>1065<\/td>\n<td>23.0<\/td>\n<td>3250<\/td>\n<td>3000<\/td>\n<td>224<\/td>\n<\/tr>\n<tr>\n<td>11R24.5<\/td>\n<td>16<\/td>\n<td>8.25<\/td>\n<td>149\/146<\/td>\n<td>G<\/td>\n<td>279<\/td>\n<td>1104<\/td>\n<td>24.5<\/td>\n<td>3250<\/td>\n<td>3000<\/td>\n<td>224<\/td>\n<\/tr>\n<tr>\n<td>11R22.5<\/td>\n<td>18<\/td>\n<td>8.25<\/td>\n<td>149\/146<\/td>\n<td>G<\/td>\n<td>279<\/td>\n<td>1065<\/td>\n<td>24.0<\/td>\n<td>3250<\/td>\n<td>3000<\/td>\n<td>224<\/td>\n<\/tr>\n<tr>\n<td>12R22.5<\/td>\n<td>18<\/td>\n<td>9.00<\/td>\n<td>152\/149<\/td>\n<td>G<\/td>\n<td>300<\/td>\n<td>1088<\/td>\n<td>24.0<\/td>\n<td>3550<\/td>\n<td>3250<\/td>\n<td>240<\/td>\n<\/tr>\n<\/tbody>\n<\/table>\n","protected":false},"excerpt":{"rendered":"<h2><a href=\"https:\/\/neumaticoparacamion.com\/?page_id=49\">llantas para trailer 24.5<\/a> FR638 12R22.5 es adecuado para la posici\u00f3n de conducci\u00f3n de camiones en camiones de servicio todo terreno y \u00e1reas mineras en todas las posiciones<\/h2>\n","protected":false},"featured_media":398,"comment_status":"open","ping_status":"closed","template":"","meta":[],"product_cat":[15],"product_tag":[],"_links":{"self":[{"href":"https:\/\/neumaticoparacamion.com\/index.php?rest_route=\/wp\/v2\/product\/210"}],"collection":[{"href":"https:\/\/neumaticoparacamion.com\/index.php?rest_route=\/wp\/v2\/product"}],"about":[{"href":"https:\/\/neumaticoparacamion.com\/index.php?rest_route=\/wp\/v2\/types\/product"}],"replies":[{"embeddable":true,"href":"https:\/\/neumaticoparacamion.com\/index.php?rest_route=%2Fwp%2Fv2%2Fcomments&post=210"}],"wp:featuredmedia":[{"embeddable":true,"href":"https:\/\/neumaticoparacamion.com\/index.php?rest_route=\/wp\/v2\/media\/398"}],"wp:attachment":[{"href":"https:\/\/neumaticoparacamion.com\/index.php?rest_route=%2Fwp%2Fv2%2Fmedia&parent=210"}],"wp:term":[{"taxonomy":"product_cat","embeddable":true,"href":"https:\/\/neumaticoparacamion.com\/index.php?rest_route=%2Fwp%2Fv2%2Fproduct_cat&post=210"},{"taxonomy":"product_tag","embeddable":true,"href":"https:\/\/neumaticoparacamion.com\/index.php?rest_route=%2Fwp%2Fv2%2Fproduct_tag&post=210"}],"curies":[{"name":"wp","href":"https:\/\/api.w.org\/{rel}","templated":true}]}}