{"id":212,"date":"2023-11-13T09:08:41","date_gmt":"2023-11-13T09:08:41","guid":{"rendered":"https:\/\/neumaticoparacamion.com\/?post_type=product&#038;p=212"},"modified":"2024-03-11T06:44:08","modified_gmt":"2024-03-11T06:44:08","slug":"neumaticos-r14-fabricantes-de-neumaticos-el-forlander-ft915","status":"publish","type":"product","link":"https:\/\/neumaticoparacamion.com\/?product=neumaticos-r14-fabricantes-de-neumaticos-el-forlander-ft915","title":{"rendered":"Todas la posici\u00f3n FT915"},"content":{"rendered":"<h3>Caracter\u00edsticas<\/h3>\n<ul>\n<li>El patr\u00f3n de alta saturaci\u00f3n mejora la resistencia al desgaste de los neum\u00e1ticos.<\/li>\n<li>El dise\u00f1o de hombros anchos previene eficazmente la distorsi\u00f3n de los neum\u00e1ticos.<\/li>\n<li>Los alambres de acero con resistencia a la fatiga de resistencia ultraalta aumentan el rendimiento de carga de los neum\u00e1ticos y mejoran la capacidad de recauchutado.<\/li>\n<\/ul>\n<h3>Especificaci\u00f3n<\/h3>\n<table width=\"1056\">\n<tbody>\n<tr>\n<td rowspan=\"2\" width=\"131\">Medida<\/td>\n<td rowspan=\"2\" width=\"415\">PR<\/td>\n<td width=\"62\">Est\u00e1ndar<\/td>\n<td width=\"54\">Carga<\/td>\n<td rowspan=\"2\" width=\"70\">Velocidad<br \/>\nvaluaci\u00f3n<\/td>\n<td rowspan=\"2\" width=\"93\">Ancho de la secci\u00f3n(mm)<\/td>\n<td rowspan=\"2\" width=\"54\">O.D(mm)<\/td>\n<td rowspan=\"2\" width=\"67\">Profundidad de la banda de rodadura(mm)<\/td>\n<td colspan=\"2\" width=\"108\">Capacidad de carga<\/td>\n<\/tr>\n<tr>\n<td width=\"62\">Rim<\/td>\n<td width=\"54\">\u00edndice<\/td>\n<td width=\"54\">Soltero<\/td>\n<td width=\"54\">\u00a0Doble<\/td>\n<\/tr>\n<tr>\n<td width=\"131\">7.00R16<\/td>\n<td width=\"415\">14<\/td>\n<td width=\"62\">5.50F<\/td>\n<td width=\"54\">118\/114<\/td>\n<td width=\"70\">L<\/td>\n<td width=\"93\">200<\/td>\n<td width=\"54\">771<\/td>\n<td width=\"67\">11.5<\/td>\n<td>1320<\/td>\n<td>1180<\/td>\n<\/tr>\n<tr>\n<td>225\/70R19.5<\/td>\n<td>14<\/td>\n<td>6.75<\/td>\n<td>124\/122<\/td>\n<td>L<\/td>\n<td>232<\/td>\n<td>808<\/td>\n<td width=\"67\">15.0<\/td>\n<td>1800<\/td>\n<td>1700<\/td>\n<\/tr>\n<\/tbody>\n<\/table>\n","protected":false},"excerpt":{"rendered":"<h2>neumaticos r14 fabricantes de neum\u00e1ticos El Forlander <a href=\"https:\/\/neumaticoparacamion.com\/?page_id=49\">FT915 7.00 r16<\/a> es adecuado para camiones ligeros regionales con direcci\u00f3n<\/h2>\n","protected":false},"featured_media":394,"comment_status":"open","ping_status":"closed","template":"","meta":[],"product_cat":[15],"product_tag":[],"_links":{"self":[{"href":"https:\/\/neumaticoparacamion.com\/index.php?rest_route=\/wp\/v2\/product\/212"}],"collection":[{"href":"https:\/\/neumaticoparacamion.com\/index.php?rest_route=\/wp\/v2\/product"}],"about":[{"href":"https:\/\/neumaticoparacamion.com\/index.php?rest_route=\/wp\/v2\/types\/product"}],"replies":[{"embeddable":true,"href":"https:\/\/neumaticoparacamion.com\/index.php?rest_route=%2Fwp%2Fv2%2Fcomments&post=212"}],"wp:featuredmedia":[{"embeddable":true,"href":"https:\/\/neumaticoparacamion.com\/index.php?rest_route=\/wp\/v2\/media\/394"}],"wp:attachment":[{"href":"https:\/\/neumaticoparacamion.com\/index.php?rest_route=%2Fwp%2Fv2%2Fmedia&parent=212"}],"wp:term":[{"taxonomy":"product_cat","embeddable":true,"href":"https:\/\/neumaticoparacamion.com\/index.php?rest_route=%2Fwp%2Fv2%2Fproduct_cat&post=212"},{"taxonomy":"product_tag","embeddable":true,"href":"https:\/\/neumaticoparacamion.com\/index.php?rest_route=%2Fwp%2Fv2%2Fproduct_tag&post=212"}],"curies":[{"name":"wp","href":"https:\/\/api.w.org\/{rel}","templated":true}]}}