{"id":217,"date":"2023-11-14T01:31:35","date_gmt":"2023-11-14T01:31:35","guid":{"rendered":"https:\/\/neumaticoparacamion.com\/?post_type=product&#038;p=217"},"modified":"2024-02-28T05:41:20","modified_gmt":"2024-02-28T05:41:20","slug":"forlander-fa382-bus-tyres-commercial-tyre","status":"publish","type":"product","link":"https:\/\/neumaticoparacamion.com\/?product=forlander-fa382-bus-tyres-commercial-tyre","title":{"rendered":"FA382 Todas las ruedas de posici\u00f3n"},"content":{"rendered":"<h3>Caracter\u00edsticas<\/h3>\n<ul>\n<li>Las ranuras y entalladuras en zigzag optimizadas reducen el ruido, mejoran el agarre y el rendimiento antideslizante.<\/li>\n<li>La pared lateral engrosada minimiza efectivamente el da\u00f1o de los bordillos.<\/li>\n<li>La rigidez mejorada de la corona ofrece una mejor resistencia al desgaste, mejora la estabilidad de conducci\u00f3n y garantiza la seguridad.<\/li>\n<li>El compuesto de banda de rodadura designado para aplicaciones en autobuses garantiza un desgaste uniforme de la banda de rodadura y prolonga la vida \u00fatil de los neum\u00e1ticos.<\/li>\n<\/ul>\n<h3>Especificaci\u00f3n<\/h3>\n<table width=\"1056\">\n<tbody>\n<tr>\n<td rowspan=\"2\" width=\"131\">Medida<\/td>\n<td rowspan=\"2\" width=\"415\">PR<\/td>\n<td width=\"62\">Est\u00e1ndar<\/td>\n<td width=\"54\">Carga<\/td>\n<td rowspan=\"2\" width=\"70\">Velocidad<br \/>\nvaluaci\u00f3n<\/td>\n<td rowspan=\"2\" width=\"93\">Ancho de la secci\u00f3n(mm)<\/td>\n<td rowspan=\"2\" width=\"54\">O.D(mm)<\/td>\n<td rowspan=\"2\" width=\"67\">Profundidad de la banda de rodadura(mm)<\/td>\n<td colspan=\"2\" width=\"108\">Capacidad de carga<\/td>\n<\/tr>\n<tr>\n<td width=\"62\">Rim<\/td>\n<td width=\"54\">\u00edndice<\/td>\n<td width=\"54\">Soltero<\/td>\n<td width=\"54\">\u00a0Doble<\/td>\n<\/tr>\n<tr>\n<td>255\/70R22.5<\/td>\n<td>16<\/td>\n<td>7.50<\/td>\n<td>140\/137<\/td>\n<td>M<\/td>\n<td>255<\/td>\n<td>930<\/td>\n<td>15.0<\/td>\n<td>2500<\/td>\n<td>2300<\/td>\n<\/tr>\n<\/tbody>\n<\/table>\n","protected":false},"excerpt":{"rendered":"<h2><a href=\"https:\/\/neumaticoparacamion.com\/?page_id=49\">FA382<\/a> 255 70r22 5 neum\u00e1ticos es adecuado para el patr\u00f3n de direcci\u00f3n de neum\u00e1ticos de autobuses escolares<\/h2>\n","protected":false},"featured_media":385,"comment_status":"open","ping_status":"closed","template":"","meta":[],"product_cat":[15],"product_tag":[],"_links":{"self":[{"href":"https:\/\/neumaticoparacamion.com\/index.php?rest_route=\/wp\/v2\/product\/217"}],"collection":[{"href":"https:\/\/neumaticoparacamion.com\/index.php?rest_route=\/wp\/v2\/product"}],"about":[{"href":"https:\/\/neumaticoparacamion.com\/index.php?rest_route=\/wp\/v2\/types\/product"}],"replies":[{"embeddable":true,"href":"https:\/\/neumaticoparacamion.com\/index.php?rest_route=%2Fwp%2Fv2%2Fcomments&post=217"}],"wp:featuredmedia":[{"embeddable":true,"href":"https:\/\/neumaticoparacamion.com\/index.php?rest_route=\/wp\/v2\/media\/385"}],"wp:attachment":[{"href":"https:\/\/neumaticoparacamion.com\/index.php?rest_route=%2Fwp%2Fv2%2Fmedia&parent=217"}],"wp:term":[{"taxonomy":"product_cat","embeddable":true,"href":"https:\/\/neumaticoparacamion.com\/index.php?rest_route=%2Fwp%2Fv2%2Fproduct_cat&post=217"},{"taxonomy":"product_tag","embeddable":true,"href":"https:\/\/neumaticoparacamion.com\/index.php?rest_route=%2Fwp%2Fv2%2Fproduct_tag&post=217"}],"curies":[{"name":"wp","href":"https:\/\/api.w.org\/{rel}","templated":true}]}}