{"id":226,"date":"2023-11-14T02:27:29","date_gmt":"2023-11-14T02:27:29","guid":{"rendered":"https:\/\/neumaticoparacamion.com\/?post_type=product&#038;p=226"},"modified":"2024-03-11T06:18:31","modified_gmt":"2024-03-11T06:18:31","slug":"llantas-originales-d626-es-adecuado-para-camiones-regionales","status":"publish","type":"product","link":"https:\/\/neumaticoparacamion.com\/?product=llantas-originales-d626-es-adecuado-para-camiones-regionales","title":{"rendered":"D626"},"content":{"rendered":"<h3>Caracter\u00edsticas<\/h3>\n<ul>\n<li>Las ranuras poco profundas en la banda de rodadura proporcionan un fuerte agarre y resistencia al deslizamiento.<\/li>\n<li>La superficie de conducci\u00f3n ampliada proporciona una presi\u00f3n de contacto uniforme y un rendimiento de conducci\u00f3n estable y c\u00f3modo.<\/li>\n<li>El hombro ensanchado y las ranuras transversales finas \u00fanicas proporcionan enfriamiento en funcionamiento para reducir el desgaste desigual&#8221;<\/li>\n<\/ul>\n<h3>Especificaci\u00f3n<\/h3>\n<table width=\"1056\">\n<tbody>\n<tr>\n<td rowspan=\"2\" width=\"131\">Medida<\/td>\n<td rowspan=\"2\" width=\"415\">PR<\/td>\n<td width=\"62\">Est\u00e1ndar<\/td>\n<td width=\"54\">Carga<\/td>\n<td rowspan=\"2\" width=\"70\">Velocidad<br \/>\nvaluaci\u00f3n<\/td>\n<td rowspan=\"2\" width=\"93\">Ancho de la secci\u00f3n(mm)<\/td>\n<td rowspan=\"2\" width=\"54\">O.D(mm)<\/td>\n<td rowspan=\"2\" width=\"67\">Profundidad de la banda de rodadura(mm)<\/td>\n<td colspan=\"2\" width=\"108\">Capacidad de carga<\/td>\n<\/tr>\n<tr>\n<td width=\"62\">Rim<\/td>\n<td width=\"54\">\u00edndice<\/td>\n<td width=\"54\">Soltero<\/td>\n<td width=\"54\">\u00a0Doble<\/td>\n<\/tr>\n<tr>\n<td>12R22.5<\/td>\n<td width=\"415\">18PR<\/td>\n<td width=\"62\">9.00<\/td>\n<td width=\"54\">152\/149L<\/td>\n<td width=\"70\">L<\/td>\n<td width=\"93\">304<\/td>\n<td width=\"54\">1078<\/td>\n<td width=\"67\">16.0<\/td>\n<td width=\"54\">3550<\/td>\n<td width=\"54\">3250<\/td>\n<\/tr>\n<tr>\n<td>285\/75R24.5<\/td>\n<td>16PR<\/td>\n<td>8.25<\/td>\n<td>147\/144L<\/td>\n<td>L<\/td>\n<td>280<\/td>\n<td>1043<\/td>\n<td>15.0<\/td>\n<td>3075<\/td>\n<td>2800<\/td>\n<\/tr>\n<tr>\n<td>295\/80R22.5<\/td>\n<td>18PR<\/td>\n<td>9.00<\/td>\n<td>152\/149L<\/td>\n<td>L<\/td>\n<td>298<\/td>\n<td>1044<\/td>\n<td>15.5<\/td>\n<td>3550<\/td>\n<td>3250<\/td>\n<\/tr>\n<tr>\n<td>315\/80R22.5<\/td>\n<td>20PR<\/td>\n<td>9.00<\/td>\n<td>157\/154L<\/td>\n<td>L<\/td>\n<td>312<\/td>\n<td>1076<\/td>\n<td>16.5<\/td>\n<td>4125<\/td>\n<td>3750<\/td>\n<\/tr>\n<\/tbody>\n<\/table>\n","protected":false},"excerpt":{"rendered":"<h2><a href=\"https:\/\/neumaticoparacamion.com\/?page_id=49\">llantas originales D626<\/a> llantas 22.5 r11 es adecuado para camiones regionales y neum\u00e1ticos de alto kilometraje como posici\u00f3n de direcci\u00f3n<\/h2>\n","protected":false},"featured_media":366,"comment_status":"open","ping_status":"closed","template":"","meta":[],"product_cat":[15],"product_tag":[],"_links":{"self":[{"href":"https:\/\/neumaticoparacamion.com\/index.php?rest_route=\/wp\/v2\/product\/226"}],"collection":[{"href":"https:\/\/neumaticoparacamion.com\/index.php?rest_route=\/wp\/v2\/product"}],"about":[{"href":"https:\/\/neumaticoparacamion.com\/index.php?rest_route=\/wp\/v2\/types\/product"}],"replies":[{"embeddable":true,"href":"https:\/\/neumaticoparacamion.com\/index.php?rest_route=%2Fwp%2Fv2%2Fcomments&post=226"}],"wp:featuredmedia":[{"embeddable":true,"href":"https:\/\/neumaticoparacamion.com\/index.php?rest_route=\/wp\/v2\/media\/366"}],"wp:attachment":[{"href":"https:\/\/neumaticoparacamion.com\/index.php?rest_route=%2Fwp%2Fv2%2Fmedia&parent=226"}],"wp:term":[{"taxonomy":"product_cat","embeddable":true,"href":"https:\/\/neumaticoparacamion.com\/index.php?rest_route=%2Fwp%2Fv2%2Fproduct_cat&post=226"},{"taxonomy":"product_tag","embeddable":true,"href":"https:\/\/neumaticoparacamion.com\/index.php?rest_route=%2Fwp%2Fv2%2Fproduct_tag&post=226"}],"curies":[{"name":"wp","href":"https:\/\/api.w.org\/{rel}","templated":true}]}}