{"id":227,"date":"2023-11-14T02:31:10","date_gmt":"2023-11-14T02:31:10","guid":{"rendered":"https:\/\/neumaticoparacamion.com\/?post_type=product&#038;p=227"},"modified":"2024-03-11T06:17:19","modified_gmt":"2024-03-11T06:17:19","slug":"llantas-11r-22-5-fr735-es-adecuado-para-neumaticos","status":"publish","type":"product","link":"https:\/\/neumaticoparacamion.com\/?product=llantas-11r-22-5-fr735-es-adecuado-para-neumaticos","title":{"rendered":"FR735 Todas las posiciones"},"content":{"rendered":"<h3>Caracter\u00edsticas<\/h3>\n<ul>\n<li>El patr\u00f3n de bajo ruido ofrece un excelente rendimiento de la direcci\u00f3n y evita el desgaste por deformaci\u00f3n.<\/li>\n<li>Baja resistencia a la rodadura, bajo consumo de combustible, excelente rendimiento a alta velocidad.<\/li>\n<li>El patr\u00f3n optimizado de cuatro ranuras proporciona una mejor estabilidad de manejo&#8221;.<\/li>\n<\/ul>\n<h3>Especificaci\u00f3n<\/h3>\n<table width=\"1122\">\n<tbody>\n<tr>\n<td rowspan=\"2\" width=\"131\">Medida<\/td>\n<td rowspan=\"2\" width=\"415\">PR<\/td>\n<td width=\"62\">Est\u00e1ndar<\/td>\n<td width=\"54\">Carga<\/td>\n<td rowspan=\"2\" width=\"70\">Velocidad<br \/>\nvaluaci\u00f3n<\/td>\n<td rowspan=\"2\" width=\"93\">Ancho de la secci\u00f3n(mm)<\/td>\n<td rowspan=\"2\" width=\"54\">O.D(mm)<\/td>\n<td rowspan=\"2\" width=\"67\">Profundidad de la banda de rodadura(mm)<\/td>\n<td colspan=\"2\" width=\"108\">Capacidad de carga<\/td>\n<td rowspan=\"2\" width=\"65\">Ancho de la pisada (mm)<\/td>\n<\/tr>\n<tr>\n<td width=\"62\">Rim<\/td>\n<td width=\"54\">\u00edndice<\/td>\n<td width=\"54\">Soltero<\/td>\n<td width=\"54\">\u00a0Doble<\/td>\n<\/tr>\n<tr>\n<td>11R22.5<\/td>\n<td width=\"415\">18<\/td>\n<td width=\"62\">8.25<\/td>\n<td width=\"54\">146\/143<\/td>\n<td width=\"70\">M<\/td>\n<td width=\"93\">279<\/td>\n<td width=\"54\">1065<\/td>\n<td width=\"67\">15.0<\/td>\n<td width=\"54\">3250<\/td>\n<td width=\"54\">3000<\/td>\n<td width=\"65\">220<\/td>\n<\/tr>\n<\/tbody>\n<\/table>\n","protected":false},"excerpt":{"rendered":"<h2>llantas 11r 22.5 <a href=\"https:\/\/neumaticoparacamion.com\/?page_id=49\">FR735 llanta 22 5<\/a> es adecuado para neum\u00e1ticos de camiones ligeros direccionables en servicio urbano<\/h2>\n","protected":false},"featured_media":365,"comment_status":"open","ping_status":"closed","template":"","meta":[],"product_cat":[15],"product_tag":[],"_links":{"self":[{"href":"https:\/\/neumaticoparacamion.com\/index.php?rest_route=\/wp\/v2\/product\/227"}],"collection":[{"href":"https:\/\/neumaticoparacamion.com\/index.php?rest_route=\/wp\/v2\/product"}],"about":[{"href":"https:\/\/neumaticoparacamion.com\/index.php?rest_route=\/wp\/v2\/types\/product"}],"replies":[{"embeddable":true,"href":"https:\/\/neumaticoparacamion.com\/index.php?rest_route=%2Fwp%2Fv2%2Fcomments&post=227"}],"wp:featuredmedia":[{"embeddable":true,"href":"https:\/\/neumaticoparacamion.com\/index.php?rest_route=\/wp\/v2\/media\/365"}],"wp:attachment":[{"href":"https:\/\/neumaticoparacamion.com\/index.php?rest_route=%2Fwp%2Fv2%2Fmedia&parent=227"}],"wp:term":[{"taxonomy":"product_cat","embeddable":true,"href":"https:\/\/neumaticoparacamion.com\/index.php?rest_route=%2Fwp%2Fv2%2Fproduct_cat&post=227"},{"taxonomy":"product_tag","embeddable":true,"href":"https:\/\/neumaticoparacamion.com\/index.php?rest_route=%2Fwp%2Fv2%2Fproduct_tag&post=227"}],"curies":[{"name":"wp","href":"https:\/\/api.w.org\/{rel}","templated":true}]}}