{"id":228,"date":"2023-11-14T02:34:01","date_gmt":"2023-11-14T02:34:01","guid":{"rendered":"https:\/\/neumaticoparacamion.com\/?post_type=product&#038;p=228"},"modified":"2024-02-27T08:30:02","modified_gmt":"2024-02-27T08:30:02","slug":"llanta-de-tractocamion-fr926-es-adecuado-para-la-posicion","status":"publish","type":"product","link":"https:\/\/neumaticoparacamion.com\/?product=llanta-de-tractocamion-fr926-es-adecuado-para-la-posicion","title":{"rendered":"FR926 Ruedas de direcci\u00f3n"},"content":{"rendered":"<h3>Caracter\u00edsticas<\/h3>\n<ul>\n<li>Especialmente dise\u00f1ado para ejes de direcci\u00f3n y uso en todas las posiciones.<\/li>\n<li>Dise\u00f1o de banda de rodadura de 5 nervaduras para un manejo superior y una larga vida \u00fatil.<\/li>\n<li>Cuatro correas de acero para mayor dureza, desgaste uniforme y estabilidad.<\/li>\n<li>Bajas emisiones de ruido<\/li>\n<li>Alta resistencia al desgaste<\/li>\n<li>Buen rendimiento de costos<\/li>\n<li>Reducci\u00f3n del consumo de combustible<\/li>\n<\/ul>\n<h3>Especificaci\u00f3n<\/h3>\n<table width=\"1122\">\n<tbody>\n<tr>\n<td rowspan=\"2\" width=\"131\">Medida<\/td>\n<td rowspan=\"2\" width=\"415\">PR<\/td>\n<td width=\"62\">Est\u00e1ndar<\/td>\n<td width=\"54\">Carga<\/td>\n<td rowspan=\"2\" width=\"70\">Velocidad<br \/>\nvaluaci\u00f3n<\/td>\n<td rowspan=\"2\" width=\"93\">Ancho de la secci\u00f3n(mm)<\/td>\n<td rowspan=\"2\" width=\"54\">O.D(mm)<\/td>\n<td rowspan=\"2\" width=\"67\">Profundidad de la banda de rodadura(mm)<\/td>\n<td colspan=\"2\" width=\"108\">Capacidad de carga<\/td>\n<td rowspan=\"2\" width=\"65\">Ancho de la pisada (mm)<\/td>\n<\/tr>\n<tr>\n<td width=\"62\">Rim<\/td>\n<td width=\"54\">\u00edndice<\/td>\n<td width=\"54\">Soltero<\/td>\n<td width=\"54\">\u00a0Doble<\/td>\n<\/tr>\n<tr>\n<td>295\/80R22.5<\/td>\n<td width=\"415\">18<\/td>\n<td width=\"62\">9.00<\/td>\n<td width=\"54\">152\/149<\/td>\n<td width=\"70\">L<\/td>\n<td width=\"93\">298<\/td>\n<td width=\"54\">1045<\/td>\n<td width=\"67\">16.5<\/td>\n<td width=\"54\">3550<\/td>\n<td width=\"54\">3250<\/td>\n<td width=\"65\">250<\/td>\n<\/tr>\n<\/tbody>\n<\/table>\n","protected":false},"excerpt":{"rendered":"<h2>llanta de tractocamion <a href=\"https:\/\/neumaticoparacamion.com\/?page_id=49\">FR926 295 80r22 5<\/a> es adecuado para la posici\u00f3n de neum\u00e1ticos de direcci\u00f3n de camiones urbanos y de larga distancia<\/h2>\n","protected":false},"featured_media":509,"comment_status":"open","ping_status":"closed","template":"","meta":[],"product_cat":[15],"product_tag":[],"_links":{"self":[{"href":"https:\/\/neumaticoparacamion.com\/index.php?rest_route=\/wp\/v2\/product\/228"}],"collection":[{"href":"https:\/\/neumaticoparacamion.com\/index.php?rest_route=\/wp\/v2\/product"}],"about":[{"href":"https:\/\/neumaticoparacamion.com\/index.php?rest_route=\/wp\/v2\/types\/product"}],"replies":[{"embeddable":true,"href":"https:\/\/neumaticoparacamion.com\/index.php?rest_route=%2Fwp%2Fv2%2Fcomments&post=228"}],"wp:featuredmedia":[{"embeddable":true,"href":"https:\/\/neumaticoparacamion.com\/index.php?rest_route=\/wp\/v2\/media\/509"}],"wp:attachment":[{"href":"https:\/\/neumaticoparacamion.com\/index.php?rest_route=%2Fwp%2Fv2%2Fmedia&parent=228"}],"wp:term":[{"taxonomy":"product_cat","embeddable":true,"href":"https:\/\/neumaticoparacamion.com\/index.php?rest_route=%2Fwp%2Fv2%2Fproduct_cat&post=228"},{"taxonomy":"product_tag","embeddable":true,"href":"https:\/\/neumaticoparacamion.com\/index.php?rest_route=%2Fwp%2Fv2%2Fproduct_tag&post=228"}],"curies":[{"name":"wp","href":"https:\/\/api.w.org\/{rel}","templated":true}]}}