{"id":229,"date":"2023-11-14T02:40:48","date_gmt":"2023-11-14T02:40:48","guid":{"rendered":"https:\/\/neumaticoparacamion.com\/?post_type=product&#038;p=229"},"modified":"2024-03-11T06:16:02","modified_gmt":"2024-03-11T06:16:02","slug":"llantas-para-camion-295-80r22-5-fr966","status":"publish","type":"product","link":"https:\/\/neumaticoparacamion.com\/?product=llantas-para-camion-295-80r22-5-fr966","title":{"rendered":"FR966 Todas las ruedas de posici\u00f3n"},"content":{"rendered":"<h3>Caracter\u00edsticas<\/h3>\n<ul>\n<li>Las ranuras poco profundas en las nervaduras de la banda de rodadura mejoran el agarre y la resistencia al deslizamiento.<\/li>\n<li>El dise\u00f1o de cuatro ranuras proporciona un rendimiento de conducci\u00f3n estable y c\u00f3modo.<\/li>\n<li>El hombro ensanchado evita el desgaste irregular.<\/li>\n<\/ul>\n<h3>Especificaci\u00f3n<\/h3>\n<table width=\"1122\">\n<tbody>\n<tr>\n<td rowspan=\"2\" width=\"131\">Medida<\/td>\n<td rowspan=\"2\" width=\"415\">PR<\/td>\n<td width=\"62\">Est\u00e1ndar<\/td>\n<td width=\"54\">Carga<\/td>\n<td rowspan=\"2\" width=\"70\">Velocidad<br \/>\nvaluaci\u00f3n<\/td>\n<td rowspan=\"2\" width=\"93\">Ancho de la secci\u00f3n(mm)<\/td>\n<td rowspan=\"2\" width=\"54\">O.D(mm)<\/td>\n<td rowspan=\"2\" width=\"67\">Profundidad de la banda de rodadura(mm)<\/td>\n<td colspan=\"2\" width=\"108\">Capacidad de carga<\/td>\n<td rowspan=\"2\" width=\"65\">Ancho de la pisada (mm)<\/td>\n<\/tr>\n<tr>\n<td width=\"62\">Rim<\/td>\n<td width=\"54\">\u00edndice<\/td>\n<td width=\"54\">Soltero<\/td>\n<td width=\"54\">\u00a0Doble<\/td>\n<\/tr>\n<tr>\n<td width=\"131\">11R22.5<\/td>\n<td width=\"415\">18<\/td>\n<td width=\"62\">8.25<\/td>\n<td width=\"54\">149\/146<\/td>\n<td width=\"70\">M<\/td>\n<td width=\"93\">279<\/td>\n<td width=\"54\">1054<\/td>\n<td width=\"67\">15.5<\/td>\n<td width=\"54\">3250<\/td>\n<td width=\"54\">3000<\/td>\n<td width=\"65\">220<\/td>\n<\/tr>\n<tr>\n<td width=\"131\">11R24.5<\/td>\n<td width=\"415\">16<\/td>\n<td width=\"62\">8.25<\/td>\n<td width=\"54\">149\/146<\/td>\n<td width=\"70\">L<\/td>\n<td width=\"93\">279<\/td>\n<td width=\"54\">1054<\/td>\n<td width=\"67\">15.5<\/td>\n<td width=\"54\">3250<\/td>\n<td width=\"54\">3000<\/td>\n<td width=\"65\">220<\/td>\n<\/tr>\n<tr>\n<td width=\"131\">12R22.5<\/td>\n<td width=\"415\">18<\/td>\n<td width=\"62\">9.00<\/td>\n<td width=\"54\">152\/149<\/td>\n<td width=\"70\">L<\/td>\n<td width=\"93\">300<\/td>\n<td width=\"54\">1085<\/td>\n<td width=\"67\">16.5<\/td>\n<td width=\"54\">3550<\/td>\n<td width=\"54\">3250<\/td>\n<td width=\"65\">230<\/td>\n<\/tr>\n<tr>\n<td width=\"131\">215\/75R17.5<\/td>\n<td width=\"415\">16\/18<\/td>\n<td width=\"62\">6.00<\/td>\n<td width=\"54\">135\/133<\/td>\n<td width=\"70\">J<\/td>\n<td width=\"93\">211<\/td>\n<td width=\"54\">766<\/td>\n<td width=\"67\">13.0<\/td>\n<td width=\"54\">1750<\/td>\n<td width=\"54\">1600<\/td>\n<td width=\"65\">185<\/td>\n<\/tr>\n<tr>\n<td width=\"131\">225\/80R17.5<\/td>\n<td width=\"415\">16\/18<\/td>\n<td width=\"62\">6.75<\/td>\n<td width=\"54\">129\/127<\/td>\n<td width=\"70\">M<\/td>\n<td width=\"93\">222<\/td>\n<td width=\"54\">805<\/td>\n<td width=\"67\">13.0<\/td>\n<td width=\"54\">1850<\/td>\n<td width=\"54\">1750<\/td>\n<td width=\"65\">175<\/td>\n<\/tr>\n<tr>\n<td width=\"131\">225\/90R17.5<\/td>\n<td width=\"415\">16<\/td>\n<td width=\"62\">6.75<\/td>\n<td width=\"54\">143\/141<\/td>\n<td width=\"70\">K<\/td>\n<td width=\"93\">240<\/td>\n<td width=\"54\">842<\/td>\n<td width=\"67\">14.5<\/td>\n<td width=\"54\">2725<\/td>\n<td width=\"54\">2575<\/td>\n<td width=\"65\">182<\/td>\n<\/tr>\n<tr>\n<td width=\"131\">235\/75R17.5<\/td>\n<td width=\"415\">16\/18<\/td>\n<td width=\"62\">6.75<\/td>\n<td width=\"54\">143\/141<\/td>\n<td width=\"70\">J<\/td>\n<td width=\"93\">233<\/td>\n<td width=\"54\">790<\/td>\n<td width=\"67\">13.5<\/td>\n<td width=\"54\">2000<\/td>\n<td width=\"54\">1850<\/td>\n<td width=\"65\">192<\/td>\n<\/tr>\n<tr>\n<td width=\"131\">245\/70R19.5<\/td>\n<td width=\"415\">16\/18<\/td>\n<td width=\"62\">7.50<\/td>\n<td width=\"54\">135\/133<\/td>\n<td width=\"70\">L<\/td>\n<td width=\"93\">248<\/td>\n<td width=\"54\">840<\/td>\n<td width=\"67\">14.0<\/td>\n<td width=\"54\">2180<\/td>\n<td width=\"54\">2060<\/td>\n<td width=\"65\">208<\/td>\n<\/tr>\n<tr>\n<td width=\"131\">255\/70R22.5<\/td>\n<td width=\"415\">16\/18<\/td>\n<td width=\"62\">7.50<\/td>\n<td width=\"54\">140\/137<\/td>\n<td width=\"70\">M<\/td>\n<td width=\"93\">255<\/td>\n<td width=\"54\">930<\/td>\n<td width=\"67\">13.0<\/td>\n<td width=\"54\">2500<\/td>\n<td width=\"54\">2300<\/td>\n<td width=\"65\">216<\/td>\n<\/tr>\n<tr>\n<td width=\"131\">265\/70R19.5<\/td>\n<td width=\"415\">16\/18<\/td>\n<td width=\"62\">7.50<\/td>\n<td width=\"54\">143\/141<\/td>\n<td width=\"70\">J<\/td>\n<td width=\"93\">262<\/td>\n<td width=\"54\">876<\/td>\n<td width=\"67\">14.0<\/td>\n<td width=\"54\">2725<\/td>\n<td width=\"54\">2575<\/td>\n<td width=\"65\">210<\/td>\n<\/tr>\n<tr>\n<td width=\"131\">275\/70R22.5<\/td>\n<td width=\"415\">16\/18<\/td>\n<td width=\"62\">8.25<\/td>\n<td width=\"54\">146\/143<\/td>\n<td width=\"70\">L<\/td>\n<td width=\"93\">276<\/td>\n<td width=\"54\">958<\/td>\n<td width=\"67\">14.0<\/td>\n<td width=\"54\">3150<\/td>\n<td width=\"54\">2900<\/td>\n<td width=\"65\">230<\/td>\n<\/tr>\n<tr>\n<td width=\"131\">275\/80R22.5<\/td>\n<td width=\"415\">16\/18<\/td>\n<td width=\"62\">7.50<\/td>\n<td width=\"54\">149\/146<\/td>\n<td width=\"70\">L<\/td>\n<td width=\"93\">280<\/td>\n<td width=\"54\">1008<\/td>\n<td width=\"67\">15.0<\/td>\n<td width=\"54\">3250<\/td>\n<td width=\"54\">3000<\/td>\n<td width=\"65\">230<\/td>\n<\/tr>\n<tr>\n<td width=\"131\">295\/75R22.5<\/td>\n<td width=\"415\">16<\/td>\n<td width=\"62\">9.00<\/td>\n<td width=\"54\">146\/143<\/td>\n<td width=\"70\">M<\/td>\n<td width=\"93\">294<\/td>\n<td width=\"54\">1010<\/td>\n<td width=\"67\">15.0<\/td>\n<td width=\"54\">3000<\/td>\n<td width=\"54\">2725<\/td>\n<td width=\"65\">234<\/td>\n<\/tr>\n<tr>\n<td width=\"131\">295\/80R22.5<\/td>\n<td width=\"415\">18<\/td>\n<td width=\"62\">9.00<\/td>\n<td width=\"54\">152\/149<\/td>\n<td width=\"70\">L<\/td>\n<td width=\"93\">298<\/td>\n<td width=\"54\">1044<\/td>\n<td width=\"67\">15.5<\/td>\n<td width=\"54\">3550<\/td>\n<td width=\"54\">3250<\/td>\n<td width=\"65\">240<\/td>\n<\/tr>\n<tr>\n<td width=\"131\">315\/80R22.5<\/td>\n<td width=\"415\">20<\/td>\n<td width=\"62\">9.00<\/td>\n<td width=\"54\">157\/154<\/td>\n<td width=\"70\">M<\/td>\n<td width=\"93\">312<\/td>\n<td width=\"54\">1076<\/td>\n<td width=\"67\">15.5<\/td>\n<td width=\"54\">4125<\/td>\n<td width=\"54\">3750<\/td>\n<td width=\"65\">255<\/td>\n<\/tr>\n<tr>\n<td width=\"131\">9.5R17.5<\/td>\n<td width=\"415\">18<\/td>\n<td width=\"62\">6.75<\/td>\n<td width=\"54\">143\/141<\/td>\n<td width=\"70\">K<\/td>\n<td width=\"93\">240<\/td>\n<td width=\"54\">842<\/td>\n<td width=\"67\">14.5<\/td>\n<td width=\"54\">2725<\/td>\n<td width=\"54\">2575<\/td>\n<td width=\"65\">182<\/td>\n<\/tr>\n<\/tbody>\n<\/table>\n","protected":false},"excerpt":{"rendered":"<h2>llantas para camion 295 80r22 5 <a href=\"https:\/\/neumaticoparacamion.com\/\">FR966 llantas de camion 22.5<\/a> es adecuado para la posici\u00f3n de direcci\u00f3n de neum\u00e1ticos comerciales de camiones regionales y de larga distancia<\/h2>\n","protected":false},"featured_media":362,"comment_status":"open","ping_status":"closed","template":"","meta":[],"product_cat":[15],"product_tag":[],"_links":{"self":[{"href":"https:\/\/neumaticoparacamion.com\/index.php?rest_route=\/wp\/v2\/product\/229"}],"collection":[{"href":"https:\/\/neumaticoparacamion.com\/index.php?rest_route=\/wp\/v2\/product"}],"about":[{"href":"https:\/\/neumaticoparacamion.com\/index.php?rest_route=\/wp\/v2\/types\/product"}],"replies":[{"embeddable":true,"href":"https:\/\/neumaticoparacamion.com\/index.php?rest_route=%2Fwp%2Fv2%2Fcomments&post=229"}],"wp:featuredmedia":[{"embeddable":true,"href":"https:\/\/neumaticoparacamion.com\/index.php?rest_route=\/wp\/v2\/media\/362"}],"wp:attachment":[{"href":"https:\/\/neumaticoparacamion.com\/index.php?rest_route=%2Fwp%2Fv2%2Fmedia&parent=229"}],"wp:term":[{"taxonomy":"product_cat","embeddable":true,"href":"https:\/\/neumaticoparacamion.com\/index.php?rest_route=%2Fwp%2Fv2%2Fproduct_cat&post=229"},{"taxonomy":"product_tag","embeddable":true,"href":"https:\/\/neumaticoparacamion.com\/index.php?rest_route=%2Fwp%2Fv2%2Fproduct_tag&post=229"}],"curies":[{"name":"wp","href":"https:\/\/api.w.org\/{rel}","templated":true}]}}