{"id":233,"date":"2023-11-14T03:52:59","date_gmt":"2023-11-14T03:52:59","guid":{"rendered":"https:\/\/neumaticoparacamion.com\/?post_type=product&#038;p=233"},"modified":"2024-03-11T06:11:10","modified_gmt":"2024-03-11T06:11:10","slug":"rin-de-llanta-el-forlander-fdl787","status":"publish","type":"product","link":"https:\/\/neumaticoparacamion.com\/?product=rin-de-llanta-el-forlander-fdl787","title":{"rendered":"FDL787 Rueda motriz"},"content":{"rendered":"<h3>Caracter\u00edsticas<\/h3>\n<ul>\n<li>Speci+B335:K339al compuesto resistente a desgarros\/cortes prolonga la vida \u00fatil de los neum\u00e1ticos.<\/li>\n<li>Los hombros abiertos ultraprofundos proporcionan tracci\u00f3n y rendimiento de frenado superiores incluso en entornos severos.<\/li>\n<li>La corona del neum\u00e1tico que adopta la estructura m\u00e1s resistente evita que el neum\u00e1tico se da\u00f1e con objetos duros y afilados y proporciona una gran capacidad de sobrecarga a baja velocidad&#8221;.<\/li>\n<\/ul>\n<h3>Especificaci\u00f3n<\/h3>\n<table width=\"1056\">\n<tbody>\n<tr>\n<td rowspan=\"2\" width=\"131\">Medida<\/td>\n<td rowspan=\"2\" width=\"415\">PR<\/td>\n<td width=\"62\">Est\u00e1ndar<\/td>\n<td width=\"54\">Carga<\/td>\n<td rowspan=\"2\" width=\"70\">Velocidad<br \/>\nvaluaci\u00f3n<\/td>\n<td rowspan=\"2\" width=\"93\">Ancho de la secci\u00f3n(mm)<\/td>\n<td rowspan=\"2\" width=\"54\">O.D(mm)<\/td>\n<td rowspan=\"2\" width=\"67\">Profundidad de la banda de rodadura(mm)<\/td>\n<td colspan=\"2\" width=\"108\">Capacidad de carga<\/td>\n<\/tr>\n<tr>\n<td width=\"62\">Rim<\/td>\n<td width=\"54\">\u00edndice<\/td>\n<td width=\"54\">Soltero<\/td>\n<td width=\"54\">\u00a0Doble<\/td>\n<\/tr>\n<tr>\n<td width=\"131\">12.00R20<\/td>\n<td>20<\/td>\n<td>8.50<\/td>\n<td>156\/153<\/td>\n<td>D<\/td>\n<td>315<\/td>\n<td>1136<\/td>\n<td>26.0<\/td>\n<td>4000<\/td>\n<td>3650<\/td>\n<\/tr>\n<tr>\n<td width=\"131\">12.00R20<\/td>\n<td>22<\/td>\n<td>8.50<\/td>\n<td>158\/155<\/td>\n<td>D<\/td>\n<td>315<\/td>\n<td>1136<\/td>\n<td>26.0<\/td>\n<td>4250<\/td>\n<td>3875<\/td>\n<\/tr>\n<\/tbody>\n<\/table>\n","protected":false},"excerpt":{"rendered":"<h2>rin de llanta El Forlander <a href=\"https:\/\/neumaticoparacamion.com\/?page_id=49\">FDL787 12.00R20<\/a> es adecuado para la posici\u00f3n de conducci\u00f3n en camiones de servicio todoterreno y neum\u00e1ticos de camiones mineros en todas las posiciones<\/h2>\n","protected":false},"featured_media":355,"comment_status":"open","ping_status":"closed","template":"","meta":[],"product_cat":[15],"product_tag":[],"_links":{"self":[{"href":"https:\/\/neumaticoparacamion.com\/index.php?rest_route=\/wp\/v2\/product\/233"}],"collection":[{"href":"https:\/\/neumaticoparacamion.com\/index.php?rest_route=\/wp\/v2\/product"}],"about":[{"href":"https:\/\/neumaticoparacamion.com\/index.php?rest_route=\/wp\/v2\/types\/product"}],"replies":[{"embeddable":true,"href":"https:\/\/neumaticoparacamion.com\/index.php?rest_route=%2Fwp%2Fv2%2Fcomments&post=233"}],"wp:featuredmedia":[{"embeddable":true,"href":"https:\/\/neumaticoparacamion.com\/index.php?rest_route=\/wp\/v2\/media\/355"}],"wp:attachment":[{"href":"https:\/\/neumaticoparacamion.com\/index.php?rest_route=%2Fwp%2Fv2%2Fmedia&parent=233"}],"wp:term":[{"taxonomy":"product_cat","embeddable":true,"href":"https:\/\/neumaticoparacamion.com\/index.php?rest_route=%2Fwp%2Fv2%2Fproduct_cat&post=233"},{"taxonomy":"product_tag","embeddable":true,"href":"https:\/\/neumaticoparacamion.com\/index.php?rest_route=%2Fwp%2Fv2%2Fproduct_tag&post=233"}],"curies":[{"name":"wp","href":"https:\/\/api.w.org\/{rel}","templated":true}]}}