{"id":236,"date":"2023-11-14T05:54:27","date_gmt":"2023-11-14T05:54:27","guid":{"rendered":"https:\/\/neumaticoparacamion.com\/?post_type=product&#038;p=236"},"modified":"2024-03-11T03:49:06","modified_gmt":"2024-03-11T03:49:06","slug":"marcas-de-llantas-para-tractocamion-d886","status":"publish","type":"product","link":"https:\/\/neumaticoparacamion.com\/?product=marcas-de-llantas-para-tractocamion-d886","title":{"rendered":"D886 Rueda motriz"},"content":{"rendered":"<h3>Caracter\u00edsticas<\/h3>\n<ul>\n<li>El patr\u00f3n de alta saturaci\u00f3n mejora la resistencia al desgaste de los neum\u00e1ticos.<\/li>\n<li>El dise\u00f1o de hombros anchos previene eficazmente la distorsi\u00f3n de los neum\u00e1ticos.<\/li>\n<li>Los alambres de acero con resistencia a la fatiga de resistencia ultraalta aumentan el rendimiento de carga de los neum\u00e1ticos y mejoran la capacidad de recauchutado.<\/li>\n<\/ul>\n<h3>Especificaci\u00f3n<\/h3>\n<table width=\"1056\">\n<tbody>\n<tr>\n<td rowspan=\"2\" width=\"131\">Medida<\/td>\n<td rowspan=\"2\" width=\"415\">PR<\/td>\n<td width=\"62\">Est\u00e1ndar<\/td>\n<td width=\"54\">Carga<\/td>\n<td rowspan=\"2\" width=\"70\">Velocidad<br \/>\nvaluaci\u00f3n<\/td>\n<td rowspan=\"2\" width=\"93\">Ancho de la secci\u00f3n(mm)<\/td>\n<td rowspan=\"2\" width=\"54\">O.D(mm)<\/td>\n<td rowspan=\"2\" width=\"67\">Profundidad de la banda de rodadura(mm)<\/td>\n<td colspan=\"2\" width=\"108\">Capacidad de carga<\/td>\n<\/tr>\n<tr>\n<td width=\"62\">Rim<\/td>\n<td width=\"54\">\u00edndice<\/td>\n<td width=\"54\">Soltero<\/td>\n<td width=\"54\">\u00a0Doble<\/td>\n<\/tr>\n<tr>\n<td width=\"131\">7.50R16<\/td>\n<td width=\"415\">14<\/td>\n<td width=\"62\">6.00G<\/td>\n<td width=\"54\">122\/118<\/td>\n<td width=\"70\">L<\/td>\n<td width=\"93\">215<\/td>\n<td width=\"54\">809<\/td>\n<td width=\"67\">15.0<\/td>\n<td>1500<\/td>\n<td>1320<\/td>\n<\/tr>\n<tr>\n<td width=\"131\">8.25R16<\/td>\n<td width=\"415\">16<\/td>\n<td width=\"62\">6.50H<\/td>\n<td width=\"54\">128\/124<\/td>\n<td width=\"70\">L<\/td>\n<td width=\"93\">236<\/td>\n<td width=\"54\">855<\/td>\n<td width=\"67\">15.0<\/td>\n<td>2000<\/td>\n<td>1800<\/td>\n<\/tr>\n<tr>\n<td width=\"131\">9.00R20<\/td>\n<td width=\"415\">16<\/td>\n<td width=\"62\">7.00<\/td>\n<td width=\"54\">144\/142<\/td>\n<td width=\"70\">K<\/td>\n<td width=\"93\">259<\/td>\n<td width=\"54\">1026<\/td>\n<td width=\"67\">16.5<\/td>\n<td>2800<\/td>\n<td>2650<\/td>\n<\/tr>\n<tr>\n<td width=\"131\">10.00R20<\/td>\n<td width=\"415\">18<\/td>\n<td width=\"62\">7.50<\/td>\n<td width=\"54\">149\/146<\/td>\n<td width=\"70\">K<\/td>\n<td width=\"93\">278<\/td>\n<td width=\"54\">1053<\/td>\n<td width=\"67\">17.5<\/td>\n<td>3250<\/td>\n<td>3000<\/td>\n<\/tr>\n<tr>\n<td width=\"131\">11.00R20<\/td>\n<td width=\"415\">18<\/td>\n<td width=\"62\">8.00<\/td>\n<td width=\"54\">152\/149<\/td>\n<td width=\"70\">L<\/td>\n<td width=\"93\">293<\/td>\n<td width=\"54\">1090<\/td>\n<td width=\"67\">20.0<\/td>\n<td>3550<\/td>\n<td>3250<\/td>\n<\/tr>\n<tr>\n<td width=\"131\">12.00R20<\/td>\n<td width=\"415\">20<\/td>\n<td width=\"62\">8.50<\/td>\n<td width=\"54\">156\/153<\/td>\n<td width=\"70\">L<\/td>\n<td width=\"93\">315<\/td>\n<td width=\"54\">1126<\/td>\n<td width=\"67\">20.0<\/td>\n<td>4000<\/td>\n<td>3650<\/td>\n<\/tr>\n<\/tbody>\n<\/table>\n","protected":false},"excerpt":{"rendered":"<h2>marcas de llantas para tractocamion <a href=\"https:\/\/neumaticoparacamion.com\/?page_id=49\">D886 8.25 r16<\/a> es adecuado para el patr\u00f3n de conducci\u00f3n de rucks regionales<\/h2>\n","protected":false},"featured_media":349,"comment_status":"open","ping_status":"closed","template":"","meta":[],"product_cat":[15],"product_tag":[],"_links":{"self":[{"href":"https:\/\/neumaticoparacamion.com\/index.php?rest_route=\/wp\/v2\/product\/236"}],"collection":[{"href":"https:\/\/neumaticoparacamion.com\/index.php?rest_route=\/wp\/v2\/product"}],"about":[{"href":"https:\/\/neumaticoparacamion.com\/index.php?rest_route=\/wp\/v2\/types\/product"}],"replies":[{"embeddable":true,"href":"https:\/\/neumaticoparacamion.com\/index.php?rest_route=%2Fwp%2Fv2%2Fcomments&post=236"}],"wp:featuredmedia":[{"embeddable":true,"href":"https:\/\/neumaticoparacamion.com\/index.php?rest_route=\/wp\/v2\/media\/349"}],"wp:attachment":[{"href":"https:\/\/neumaticoparacamion.com\/index.php?rest_route=%2Fwp%2Fv2%2Fmedia&parent=236"}],"wp:term":[{"taxonomy":"product_cat","embeddable":true,"href":"https:\/\/neumaticoparacamion.com\/index.php?rest_route=%2Fwp%2Fv2%2Fproduct_cat&post=236"},{"taxonomy":"product_tag","embeddable":true,"href":"https:\/\/neumaticoparacamion.com\/index.php?rest_route=%2Fwp%2Fv2%2Fproduct_tag&post=236"}],"curies":[{"name":"wp","href":"https:\/\/api.w.org\/{rel}","templated":true}]}}