{"id":239,"date":"2023-11-14T06:12:24","date_gmt":"2023-11-14T06:12:24","guid":{"rendered":"https:\/\/neumaticoparacamion.com\/?post_type=product&#038;p=239"},"modified":"2024-02-28T07:20:33","modified_gmt":"2024-02-28T07:20:33","slug":"llantas-para-camion-1100-20-fd919-es-adecuado-para-neumaticos","status":"publish","type":"product","link":"https:\/\/neumaticoparacamion.com\/?product=llantas-para-camion-1100-20-fd919-es-adecuado-para-neumaticos","title":{"rendered":"FD919 Rueda motriz"},"content":{"rendered":"<h3>Caracter\u00edsticas<\/h3>\n<p>Los bloques s\u00f3lidos garantizan la transitabilidad en caminos dif\u00edciles.<br \/>\nLos surcos laterales desde el hombro hasta el centro proporcionan una excelente tracci\u00f3n resultante de una fuerte agresi\u00f3n al suelo.<br \/>\nLos refuerzos entre los bloques de patr\u00f3n compensan la tensi\u00f3n en diferentes direcciones para garantizar un desgaste m\u00e1s uniforme y una mayor vida \u00fatil.<\/p>\n<h3>Especificaci\u00f3n<\/h3>\n<table width=\"1056\">\n<tbody>\n<tr>\n<td rowspan=\"2\" width=\"131\">Medida<\/td>\n<td rowspan=\"2\" width=\"415\">PR<\/td>\n<td width=\"62\">Est\u00e1ndar<\/td>\n<td width=\"54\">Carga<\/td>\n<td rowspan=\"2\" width=\"70\">Velocidad<br \/>\nvaluaci\u00f3n<\/td>\n<td rowspan=\"2\" width=\"93\">Ancho de la secci\u00f3n(mm)<\/td>\n<td rowspan=\"2\" width=\"54\">O.D(mm)<\/td>\n<td rowspan=\"2\" width=\"67\">Profundidad de la banda de rodadura(mm)<\/td>\n<td colspan=\"2\" width=\"108\">Capacidad de carga<\/td>\n<\/tr>\n<tr>\n<td width=\"62\">Rim<\/td>\n<td width=\"54\">\u00edndice<\/td>\n<td width=\"54\">Soltero<\/td>\n<td width=\"54\">\u00a0Doble<\/td>\n<\/tr>\n<tr>\n<td width=\"131\">9.00R20<\/td>\n<td width=\"415\">16<\/td>\n<td width=\"62\">7.00<\/td>\n<td width=\"54\">144\/142<\/td>\n<td width=\"70\">K<\/td>\n<td width=\"93\">259<\/td>\n<td width=\"54\">1024<\/td>\n<td width=\"67\">18.5<\/td>\n<td width=\"54\">2800<\/td>\n<td width=\"54\">2650<\/td>\n<\/tr>\n<tr>\n<td width=\"131\">10.00R20<\/td>\n<td width=\"415\">18<\/td>\n<td width=\"62\">7.50<\/td>\n<td width=\"54\">149\/146<\/td>\n<td width=\"70\">K<\/td>\n<td width=\"93\">278<\/td>\n<td width=\"54\">1054<\/td>\n<td width=\"67\">18.5<\/td>\n<td>3250<\/td>\n<td>3000<\/td>\n<\/tr>\n<tr>\n<td width=\"131\">11.00R20<\/td>\n<td>18<\/td>\n<td>8.00<\/td>\n<td>152\/149<\/td>\n<td width=\"70\">K<\/td>\n<td>293<\/td>\n<td>1090<\/td>\n<td>20.0<\/td>\n<td>3550<\/td>\n<td>3250<\/td>\n<\/tr>\n<tr>\n<td width=\"131\">11.00R20<\/td>\n<td>18**<\/td>\n<td>8.00<\/td>\n<td>152\/149<\/td>\n<td width=\"70\">K<\/td>\n<td>293<\/td>\n<td>1090<\/td>\n<td>20.0<\/td>\n<td>3550<\/td>\n<td>3250<\/td>\n<\/tr>\n<tr>\n<td width=\"131\">12.00R20<\/td>\n<td>20<\/td>\n<td>8.50<\/td>\n<td>156\/153<\/td>\n<td width=\"70\">D<\/td>\n<td>315<\/td>\n<td>1126<\/td>\n<td>20.5<\/td>\n<td>4000<\/td>\n<td>3650<\/td>\n<\/tr>\n<tr>\n<td width=\"131\">12.00R20<\/td>\n<td>20**<\/td>\n<td>8.50<\/td>\n<td>156\/153<\/td>\n<td width=\"70\">D<\/td>\n<td>315<\/td>\n<td>1126<\/td>\n<td>20.5<\/td>\n<td>4000<\/td>\n<td>3650<\/td>\n<\/tr>\n<tr>\n<td width=\"131\">12.00R20<\/td>\n<td>22<\/td>\n<td>8.50<\/td>\n<td>158\/155<\/td>\n<td width=\"70\">D<\/td>\n<td>315<\/td>\n<td>1126<\/td>\n<td>20.5<\/td>\n<td>4250<\/td>\n<td>3875<\/td>\n<\/tr>\n<tr>\n<td width=\"131\">13R22.5<\/td>\n<td>18<\/td>\n<td>9.75<\/td>\n<td>154\/151<\/td>\n<td width=\"70\">K<\/td>\n<td>320<\/td>\n<td>1126<\/td>\n<td>21.0<\/td>\n<td>4000<\/td>\n<td>3650<\/td>\n<\/tr>\n<\/tbody>\n<\/table>\n","protected":false},"excerpt":{"rendered":"<h2>llantas para camion 1100 20 <a href=\"https:\/\/neumaticoparacamion.com\/?page_id=49\">FD919 9.00 r 20<\/a> es adecuado para neum\u00e1ticos de cami\u00f3n en posici\u00f3n de conducci\u00f3n en carreteras de servicio mixto<\/h2>\n","protected":false},"featured_media":344,"comment_status":"open","ping_status":"closed","template":"","meta":[],"product_cat":[15],"product_tag":[],"_links":{"self":[{"href":"https:\/\/neumaticoparacamion.com\/index.php?rest_route=\/wp\/v2\/product\/239"}],"collection":[{"href":"https:\/\/neumaticoparacamion.com\/index.php?rest_route=\/wp\/v2\/product"}],"about":[{"href":"https:\/\/neumaticoparacamion.com\/index.php?rest_route=\/wp\/v2\/types\/product"}],"replies":[{"embeddable":true,"href":"https:\/\/neumaticoparacamion.com\/index.php?rest_route=%2Fwp%2Fv2%2Fcomments&post=239"}],"wp:featuredmedia":[{"embeddable":true,"href":"https:\/\/neumaticoparacamion.com\/index.php?rest_route=\/wp\/v2\/media\/344"}],"wp:attachment":[{"href":"https:\/\/neumaticoparacamion.com\/index.php?rest_route=%2Fwp%2Fv2%2Fmedia&parent=239"}],"wp:term":[{"taxonomy":"product_cat","embeddable":true,"href":"https:\/\/neumaticoparacamion.com\/index.php?rest_route=%2Fwp%2Fv2%2Fproduct_cat&post=239"},{"taxonomy":"product_tag","embeddable":true,"href":"https:\/\/neumaticoparacamion.com\/index.php?rest_route=%2Fwp%2Fv2%2Fproduct_tag&post=239"}],"curies":[{"name":"wp","href":"https:\/\/api.w.org\/{rel}","templated":true}]}}