{"id":241,"date":"2023-11-14T06:48:32","date_gmt":"2023-11-14T06:48:32","guid":{"rendered":"https:\/\/neumaticoparacamion.com\/?post_type=product&#038;p=241"},"modified":"2024-02-28T07:15:23","modified_gmt":"2024-02-28T07:15:23","slug":"llantas-aro-24-para-camion-fdl939-11r-24-5","status":"publish","type":"product","link":"https:\/\/neumaticoparacamion.com\/?product=llantas-aro-24-para-camion-fdl939-11r-24-5","title":{"rendered":"FDL939 Rueda motriz"},"content":{"rendered":"<h3>Caracter\u00edsticas<\/h3>\n<ul>\n<li>El patr\u00f3n de transmisi\u00f3n direccional central es agresivo con el suelo y proporciona una fuerte tracci\u00f3n y fuerza de frenado.<\/li>\n<li>El compuesto de banda de rodadura designado con m\u00e1s resistencia al desgarro es adecuado para m\u00faltiples condiciones de camino, especialmente miner\u00eda, y ofrece un mayor kilometraje.<\/li>\n<li>El dise\u00f1o de expulsi\u00f3n de piedras en la parte inferior de la ranura proporciona la capacidad de autolimpieza del neum\u00e1tico y prolonga su vida \u00fatil<\/li>\n<\/ul>\n<h3>Especificaci\u00f3n<\/h3>\n<table width=\"1122\">\n<tbody>\n<tr>\n<td rowspan=\"2\" width=\"131\">Medida<\/td>\n<td rowspan=\"2\" width=\"415\">PR<\/td>\n<td width=\"62\">Est\u00e1ndar<\/td>\n<td width=\"54\">Carga<\/td>\n<td rowspan=\"2\" width=\"70\">Velocidad<br \/>\nvaluaci\u00f3n<\/td>\n<td rowspan=\"2\" width=\"93\">Ancho de la secci\u00f3n(mm)<\/td>\n<td rowspan=\"2\" width=\"54\">O.D(mm)<\/td>\n<td rowspan=\"2\" width=\"67\">Profundidad de la banda de rodadura(mm)<\/td>\n<td colspan=\"2\" width=\"108\">Capacidad de carga<\/td>\n<td rowspan=\"2\" width=\"65\">Ancho de la pisada (mm)<\/td>\n<\/tr>\n<tr>\n<td width=\"62\">Rim<\/td>\n<td width=\"54\">\u00edndice<\/td>\n<td width=\"54\">Soltero<\/td>\n<td width=\"54\">\u00a0Doble<\/td>\n<\/tr>\n<tr>\n<td width=\"131\">11R22.5<\/td>\n<td width=\"415\">18<\/td>\n<td width=\"62\">8.25<\/td>\n<td width=\"54\">149\/146<\/td>\n<td width=\"70\">K<\/td>\n<td width=\"93\">279<\/td>\n<td width=\"54\">1064<\/td>\n<td width=\"67\">23.0<\/td>\n<td width=\"54\">3250<\/td>\n<td width=\"54\">3000<\/td>\n<td width=\"65\">230<\/td>\n<\/tr>\n<tr>\n<td width=\"131\">11R24.5<\/td>\n<td width=\"415\">16<\/td>\n<td width=\"62\">8.25<\/td>\n<td width=\"54\">149\/146<\/td>\n<td width=\"70\">K<\/td>\n<td width=\"93\">279<\/td>\n<td width=\"54\">1114<\/td>\n<td width=\"67\">23.0<\/td>\n<td width=\"54\">3250<\/td>\n<td width=\"54\">3000<\/td>\n<td width=\"65\">230<\/td>\n<\/tr>\n<\/tbody>\n<\/table>\n","protected":false},"excerpt":{"rendered":"<h2><a href=\"https:\/\/neumaticoparacamion.com\/?page_id=49\">llantas aro 24 para camion<\/a> FDL939 11 r24 5 son adecuados para la posici\u00f3n de conducci\u00f3n en carreteras mixtas<\/h2>\n","protected":false},"featured_media":342,"comment_status":"open","ping_status":"closed","template":"","meta":[],"product_cat":[15],"product_tag":[],"_links":{"self":[{"href":"https:\/\/neumaticoparacamion.com\/index.php?rest_route=\/wp\/v2\/product\/241"}],"collection":[{"href":"https:\/\/neumaticoparacamion.com\/index.php?rest_route=\/wp\/v2\/product"}],"about":[{"href":"https:\/\/neumaticoparacamion.com\/index.php?rest_route=\/wp\/v2\/types\/product"}],"replies":[{"embeddable":true,"href":"https:\/\/neumaticoparacamion.com\/index.php?rest_route=%2Fwp%2Fv2%2Fcomments&post=241"}],"wp:featuredmedia":[{"embeddable":true,"href":"https:\/\/neumaticoparacamion.com\/index.php?rest_route=\/wp\/v2\/media\/342"}],"wp:attachment":[{"href":"https:\/\/neumaticoparacamion.com\/index.php?rest_route=%2Fwp%2Fv2%2Fmedia&parent=241"}],"wp:term":[{"taxonomy":"product_cat","embeddable":true,"href":"https:\/\/neumaticoparacamion.com\/index.php?rest_route=%2Fwp%2Fv2%2Fproduct_cat&post=241"},{"taxonomy":"product_tag","embeddable":true,"href":"https:\/\/neumaticoparacamion.com\/index.php?rest_route=%2Fwp%2Fv2%2Fproduct_tag&post=241"}],"curies":[{"name":"wp","href":"https:\/\/api.w.org\/{rel}","templated":true}]}}