{"id":242,"date":"2023-11-14T06:56:07","date_gmt":"2023-11-14T06:56:07","guid":{"rendered":"https:\/\/neumaticoparacamion.com\/?post_type=product&#038;p=242"},"modified":"2024-02-28T07:14:12","modified_gmt":"2024-02-28T07:14:12","slug":"neumaticos-22-5-camion-fd389","status":"publish","type":"product","link":"https:\/\/neumaticoparacamion.com\/?product=neumaticos-22-5-camion-fd389","title":{"rendered":"FD389 Rueda motriz"},"content":{"rendered":"<h3>Caracter\u00edsticas<\/h3>\n<ul>\n<li>Apto para todo tipo de condiciones de carretera, todas las ruedas.<\/li>\n<li>El compuesto de la banda de rodadura con resistencia al desgaste y bien equilibrado proporciona un mayor kilometraje.<\/li>\n<li>Las ranuras en los hombros y las entalladuras ayudan a que los veh\u00edculos obtengan un buen agarre mientras enfr\u00edan los neum\u00e1ticos para disipar el calor y mejorar la vida \u00fatil de los neum\u00e1ticos<\/li>\n<\/ul>\n<h3>Especificaci\u00f3n<\/h3>\n<table width=\"1056\">\n<tbody>\n<tr>\n<td rowspan=\"2\" width=\"131\">Medida<\/td>\n<td rowspan=\"2\" width=\"415\">PR<\/td>\n<td width=\"62\">Est\u00e1ndar<\/td>\n<td width=\"54\">Carga<\/td>\n<td rowspan=\"2\" width=\"70\">Velocidad<br \/>\nvaluaci\u00f3n<\/td>\n<td rowspan=\"2\" width=\"93\">Ancho de la secci\u00f3n(mm)<\/td>\n<td rowspan=\"2\" width=\"54\">O.D(mm)<\/td>\n<td rowspan=\"2\" width=\"67\">Profundidad de la banda de rodadura(mm)<\/td>\n<td colspan=\"2\" width=\"108\">Capacidad de carga<\/td>\n<\/tr>\n<tr>\n<td width=\"62\">Rim<\/td>\n<td width=\"54\">\u00edndice<\/td>\n<td width=\"54\">Soltero<\/td>\n<td width=\"54\">\u00a0Doble<\/td>\n<\/tr>\n<tr>\n<td width=\"131\">215\/75R17.5<\/td>\n<td width=\"415\">16<\/td>\n<td width=\"62\">6.00<\/td>\n<td width=\"54\">135\/133<\/td>\n<td width=\"70\">J<\/td>\n<td width=\"93\">211<\/td>\n<td width=\"54\">767<\/td>\n<td width=\"67\">14.5<\/td>\n<td width=\"54\">1750<\/td>\n<td width=\"54\">1600<\/td>\n<\/tr>\n<tr>\n<td width=\"131\">225\/70R19.5<\/td>\n<td width=\"415\">14<\/td>\n<td width=\"62\">6.75<\/td>\n<td width=\"54\">128\/126<\/td>\n<td width=\"70\">L<\/td>\n<td width=\"93\">226<\/td>\n<td width=\"54\">811<\/td>\n<td width=\"67\">15.0<\/td>\n<td width=\"54\">1800<\/td>\n<td width=\"54\">1700<\/td>\n<\/tr>\n<tr>\n<td>235\/75R17.5<\/td>\n<td>18<\/td>\n<td>6.75<\/td>\n<td>143\/141<\/td>\n<td>J<\/td>\n<td>233<\/td>\n<td>797<\/td>\n<td>15.4<\/td>\n<td width=\"54\">2000<\/td>\n<td width=\"54\">1850<\/td>\n<\/tr>\n<tr>\n<td>245\/70R19.5<\/td>\n<td>16<\/td>\n<td>7.50<\/td>\n<td>136\/134<\/td>\n<td>M<\/td>\n<td>248<\/td>\n<td>839<\/td>\n<td>16.0<\/td>\n<td width=\"54\">2180<\/td>\n<td width=\"54\">2060<\/td>\n<\/tr>\n<tr>\n<td>265\/70R19.5<\/td>\n<td>18<\/td>\n<td>7.50<\/td>\n<td>143\/141<\/td>\n<td>J<\/td>\n<td>262<\/td>\n<td>876<\/td>\n<td>15.5<\/td>\n<td width=\"54\">2725<\/td>\n<td width=\"54\">2575<\/td>\n<\/tr>\n<tr>\n<td>9.5R17.5<\/td>\n<td>18<\/td>\n<td>6.75<\/td>\n<td>143\/141<\/td>\n<td>M<\/td>\n<td>240<\/td>\n<td>842<\/td>\n<td>15.5<\/td>\n<td width=\"54\">2725<\/td>\n<td width=\"54\">2575<\/td>\n<\/tr>\n<\/tbody>\n<\/table>\n","protected":false},"excerpt":{"rendered":"<h2><a href=\"https:\/\/neumaticoparacamion.com\/?page_id=49\">Neum\u00e1ticos 22.5<\/a> cami\u00f3n FD389 225 70 19.5 es adecuado para la conducci\u00f3n de camiones en carreteras mixtas<\/h2>\n","protected":false},"featured_media":341,"comment_status":"open","ping_status":"closed","template":"","meta":[],"product_cat":[15],"product_tag":[],"_links":{"self":[{"href":"https:\/\/neumaticoparacamion.com\/index.php?rest_route=\/wp\/v2\/product\/242"}],"collection":[{"href":"https:\/\/neumaticoparacamion.com\/index.php?rest_route=\/wp\/v2\/product"}],"about":[{"href":"https:\/\/neumaticoparacamion.com\/index.php?rest_route=\/wp\/v2\/types\/product"}],"replies":[{"embeddable":true,"href":"https:\/\/neumaticoparacamion.com\/index.php?rest_route=%2Fwp%2Fv2%2Fcomments&post=242"}],"wp:featuredmedia":[{"embeddable":true,"href":"https:\/\/neumaticoparacamion.com\/index.php?rest_route=\/wp\/v2\/media\/341"}],"wp:attachment":[{"href":"https:\/\/neumaticoparacamion.com\/index.php?rest_route=%2Fwp%2Fv2%2Fmedia&parent=242"}],"wp:term":[{"taxonomy":"product_cat","embeddable":true,"href":"https:\/\/neumaticoparacamion.com\/index.php?rest_route=%2Fwp%2Fv2%2Fproduct_cat&post=242"},{"taxonomy":"product_tag","embeddable":true,"href":"https:\/\/neumaticoparacamion.com\/index.php?rest_route=%2Fwp%2Fv2%2Fproduct_tag&post=242"}],"curies":[{"name":"wp","href":"https:\/\/api.w.org\/{rel}","templated":true}]}}