{"id":244,"date":"2023-11-14T07:12:47","date_gmt":"2023-11-14T07:12:47","guid":{"rendered":"https:\/\/neumaticoparacamion.com\/?post_type=product&#038;p=244"},"modified":"2024-02-28T07:08:17","modified_gmt":"2024-02-28T07:08:17","slug":"llantas-rin-16-precio-11r22-5-fr519","status":"publish","type":"product","link":"https:\/\/neumaticoparacamion.com\/?product=llantas-rin-16-precio-11r22-5-fr519","title":{"rendered":"FR519 Rueda de tracci\u00f3n"},"content":{"rendered":"<h3>Caracter\u00edsticas<\/h3>\n<ul>\n<li>El dise\u00f1o de garra bi\u00f3nica proporciona una excelente tracci\u00f3n y agarre.<\/li>\n<li>El dibujo ultraprofundo de la banda de rodadura con un compuesto especial prolonga su vida \u00fatil.<\/li>\n<li>El fino dise\u00f1o de surcos transversales mejora la tracci\u00f3n en condiciones h\u00famedas, manteniendo fresco el neum\u00e1tico en funcionamiento para prolongar la vida \u00fatil de la banda de rodadura<\/li>\n<\/ul>\n<h3>Especificaci\u00f3n<\/h3>\n<table width=\"1122\">\n<tbody>\n<tr>\n<td rowspan=\"2\" width=\"131\">Medida<\/td>\n<td rowspan=\"2\" width=\"415\">PR<\/td>\n<td width=\"62\">Est\u00e1ndar<\/td>\n<td width=\"54\">Carga<\/td>\n<td rowspan=\"2\" width=\"70\">Velocidad<br \/>\nvaluaci\u00f3n<\/td>\n<td rowspan=\"2\" width=\"93\">Ancho de la secci\u00f3n(mm)<\/td>\n<td rowspan=\"2\" width=\"54\">O.D(mm)<\/td>\n<td rowspan=\"2\" width=\"67\">Profundidad de la banda de rodadura(mm)<\/td>\n<td colspan=\"2\" width=\"108\">Capacidad de carga<\/td>\n<td rowspan=\"2\" width=\"65\">Ancho de la pisada (mm)<\/td>\n<\/tr>\n<tr>\n<td width=\"62\">Rim<\/td>\n<td width=\"54\">\u00edndice<\/td>\n<td width=\"54\">Soltero<\/td>\n<td width=\"54\">\u00a0Doble<\/td>\n<\/tr>\n<tr>\n<td>11R22.5<\/td>\n<td>16<\/td>\n<td>8.25<\/td>\n<td>146\/143<\/td>\n<td>L<\/td>\n<td>279<\/td>\n<td>1064<\/td>\n<td>20.5<\/td>\n<td>3000<\/td>\n<td>2725<\/td>\n<td width=\"65\">210<\/td>\n<\/tr>\n<tr>\n<td>S POWER11R24.5<\/td>\n<td>16<\/td>\n<td>8.25<\/td>\n<td>149\/146<\/td>\n<td>M<\/td>\n<td>279<\/td>\n<td>1104<\/td>\n<td>20.5<\/td>\n<td>3250<\/td>\n<td>3000<\/td>\n<td width=\"65\">215<\/td>\n<\/tr>\n<tr>\n<td>S POWER11R24.5<\/td>\n<td>16**<\/td>\n<td>8.25<\/td>\n<td>149\/146<\/td>\n<td>M<\/td>\n<td>279<\/td>\n<td>1104<\/td>\n<td>22.0<\/td>\n<td>3250<\/td>\n<td>3000<\/td>\n<td width=\"65\">220<\/td>\n<\/tr>\n<tr>\n<td width=\"131\">285\/75R24.5<\/td>\n<td width=\"415\">16<\/td>\n<td width=\"62\">8.25<\/td>\n<td width=\"54\">147\/144<\/td>\n<td width=\"70\">L<\/td>\n<td width=\"93\">280<\/td>\n<td width=\"54\">1053<\/td>\n<td>22.0<\/td>\n<td>3075<\/td>\n<td>2800<\/td>\n<td>220<\/td>\n<\/tr>\n<tr>\n<td>295\/75R22.5<\/td>\n<td>16<\/td>\n<td>9.00<\/td>\n<td>146\/143<\/td>\n<td>M<\/td>\n<td>284<\/td>\n<td>1019<\/td>\n<td>21.0<\/td>\n<td>3000<\/td>\n<td>2725<\/td>\n<td>215<\/td>\n<\/tr>\n<\/tbody>\n<\/table>\n","protected":false},"excerpt":{"rendered":"<h2><a href=\"https:\/\/neumaticoparacamion.com\/?page_id=49\">llantas rin 16 precio<\/a> 11r22 5 FR519 son adecuados para la posici\u00f3n de conducci\u00f3n de camiones en carreteras de servicio mixto (Am\u00e9rica del Norte)-neumaticos hot sale<\/h2>\n","protected":false},"featured_media":337,"comment_status":"open","ping_status":"closed","template":"","meta":[],"product_cat":[15],"product_tag":[],"_links":{"self":[{"href":"https:\/\/neumaticoparacamion.com\/index.php?rest_route=\/wp\/v2\/product\/244"}],"collection":[{"href":"https:\/\/neumaticoparacamion.com\/index.php?rest_route=\/wp\/v2\/product"}],"about":[{"href":"https:\/\/neumaticoparacamion.com\/index.php?rest_route=\/wp\/v2\/types\/product"}],"replies":[{"embeddable":true,"href":"https:\/\/neumaticoparacamion.com\/index.php?rest_route=%2Fwp%2Fv2%2Fcomments&post=244"}],"wp:featuredmedia":[{"embeddable":true,"href":"https:\/\/neumaticoparacamion.com\/index.php?rest_route=\/wp\/v2\/media\/337"}],"wp:attachment":[{"href":"https:\/\/neumaticoparacamion.com\/index.php?rest_route=%2Fwp%2Fv2%2Fmedia&parent=244"}],"wp:term":[{"taxonomy":"product_cat","embeddable":true,"href":"https:\/\/neumaticoparacamion.com\/index.php?rest_route=%2Fwp%2Fv2%2Fproduct_cat&post=244"},{"taxonomy":"product_tag","embeddable":true,"href":"https:\/\/neumaticoparacamion.com\/index.php?rest_route=%2Fwp%2Fv2%2Fproduct_tag&post=244"}],"curies":[{"name":"wp","href":"https:\/\/api.w.org\/{rel}","templated":true}]}}