{"id":245,"date":"2023-11-14T07:18:52","date_gmt":"2023-11-14T07:18:52","guid":{"rendered":"https:\/\/neumaticoparacamion.com\/?post_type=product&#038;p=245"},"modified":"2024-02-28T07:04:55","modified_gmt":"2024-02-28T07:04:55","slug":"neumatico-radial-los-neumaticos-11r-225-fr206plus","status":"publish","type":"product","link":"https:\/\/neumaticoparacamion.com\/?product=neumatico-radial-los-neumaticos-11r-225-fr206plus","title":{"rendered":"FR206PLUS Rueda de tracci\u00f3n"},"content":{"rendered":"<h3>Caracter\u00edsticas<\/h3>\n<ul>\n<li>llantas 24.5 para camion-Las ranuras de patr\u00f3n transversal proporcionan un fuerte rendimiento de tracci\u00f3n.<\/li>\n<li>Los hombros abiertos y las ranuras de la banda de rodadura est\u00e1n dise\u00f1ados para reducir el atrapamiento de rocas y proporcionar un buen drenaje y capacidad de autolimpieza.<\/li>\n<li>Una mayor profundidad de la banda de rodadura proporciona un mayor kilometraje.<\/li>\n<\/ul>\n<h3>Especificaci\u00f3n<\/h3>\n<table width=\"1122\">\n<tbody>\n<tr>\n<td rowspan=\"2\" width=\"131\">Medida<\/td>\n<td rowspan=\"2\" width=\"415\">PR<\/td>\n<td width=\"62\">Est\u00e1ndar<\/td>\n<td width=\"54\">Carga<\/td>\n<td rowspan=\"2\" width=\"70\">Velocidad<br \/>\nvaluaci\u00f3n<\/td>\n<td rowspan=\"2\" width=\"93\">Ancho de la secci\u00f3n(mm)<\/td>\n<td rowspan=\"2\" width=\"54\">O.D(mm)<\/td>\n<td rowspan=\"2\" width=\"67\">Profundidad de la banda de rodadura(mm)<\/td>\n<td colspan=\"2\" width=\"108\">Capacidad de carga<\/td>\n<td rowspan=\"2\" width=\"65\">Ancho de la pisada (mm)<\/td>\n<\/tr>\n<tr>\n<td width=\"62\">Rim<\/td>\n<td width=\"54\">\u00edndice<\/td>\n<td width=\"54\">Soltero<\/td>\n<td width=\"54\">\u00a0Doble<\/td>\n<\/tr>\n<tr>\n<td width=\"131\">11R22.5<\/td>\n<td width=\"415\">18<\/td>\n<td width=\"62\">8.25<\/td>\n<td width=\"54\">146\/143<\/td>\n<td width=\"70\">L<\/td>\n<td width=\"93\">279<\/td>\n<td width=\"54\">1064<\/td>\n<td width=\"67\">21.0<\/td>\n<td width=\"54\">3250<\/td>\n<td width=\"54\">3000<\/td>\n<td>215<\/td>\n<\/tr>\n<tr>\n<td width=\"131\">11R24.5<\/td>\n<td width=\"415\">16<\/td>\n<td width=\"62\">8.25<\/td>\n<td width=\"54\">149\/146<\/td>\n<td width=\"70\">K<\/td>\n<td width=\"93\">279<\/td>\n<td width=\"54\">1104<\/td>\n<td width=\"67\">21.0<\/td>\n<td width=\"54\">3250<\/td>\n<td width=\"54\">3000<\/td>\n<td>215<\/td>\n<\/tr>\n<\/tbody>\n<\/table>\n","protected":false},"excerpt":{"rendered":"<h2><a href=\"https:\/\/neumaticoparacamion.com\/?page_id=49\">neum\u00e1tico radial<\/a> Los neum\u00e1ticos 11r 22,5 FR206PLUS son adecuados para la posici\u00f3n de conducci\u00f3n de camiones en servicios regionales<\/h2>\n","protected":false},"featured_media":336,"comment_status":"open","ping_status":"closed","template":"","meta":[],"product_cat":[15],"product_tag":[],"_links":{"self":[{"href":"https:\/\/neumaticoparacamion.com\/index.php?rest_route=\/wp\/v2\/product\/245"}],"collection":[{"href":"https:\/\/neumaticoparacamion.com\/index.php?rest_route=\/wp\/v2\/product"}],"about":[{"href":"https:\/\/neumaticoparacamion.com\/index.php?rest_route=\/wp\/v2\/types\/product"}],"replies":[{"embeddable":true,"href":"https:\/\/neumaticoparacamion.com\/index.php?rest_route=%2Fwp%2Fv2%2Fcomments&post=245"}],"wp:featuredmedia":[{"embeddable":true,"href":"https:\/\/neumaticoparacamion.com\/index.php?rest_route=\/wp\/v2\/media\/336"}],"wp:attachment":[{"href":"https:\/\/neumaticoparacamion.com\/index.php?rest_route=%2Fwp%2Fv2%2Fmedia&parent=245"}],"wp:term":[{"taxonomy":"product_cat","embeddable":true,"href":"https:\/\/neumaticoparacamion.com\/index.php?rest_route=%2Fwp%2Fv2%2Fproduct_cat&post=245"},{"taxonomy":"product_tag","embeddable":true,"href":"https:\/\/neumaticoparacamion.com\/index.php?rest_route=%2Fwp%2Fv2%2Fproduct_tag&post=245"}],"curies":[{"name":"wp","href":"https:\/\/api.w.org\/{rel}","templated":true}]}}