{"id":249,"date":"2023-11-14T08:06:32","date_gmt":"2023-11-14T08:06:32","guid":{"rendered":"https:\/\/neumaticoparacamion.com\/?post_type=product&#038;p=249"},"modified":"2024-02-28T06:39:42","modified_gmt":"2024-02-28T06:39:42","slug":"llantas-22-5-fd827-es-el-mejor-neumatico","status":"publish","type":"product","link":"https:\/\/neumaticoparacamion.com\/?product=llantas-22-5-fd827-es-el-mejor-neumatico","title":{"rendered":"FD827 Rueda de tracci\u00f3n"},"content":{"rendered":"<h3>Caracter\u00edsticas<\/h3>\n<ul>\n<li>Las ranuras transversales ensanchadas en los hombros mejoran el rendimiento de conducci\u00f3n y la resistencia al deslizamiento del neum\u00e1tico.<\/li>\n<li>La mayor saturaci\u00f3n del patr\u00f3n y la superficie de conducci\u00f3n ensanchada mejoran efectivamente la vida \u00fatil de los neum\u00e1ticos.<\/li>\n<li>Las barras de conexi\u00f3n de bloques garantizan que los bloques no se rompan ni se caigan.<\/li>\n<\/ul>\n<h3>Especificaci\u00f3n<\/h3>\n<table width=\"1122\">\n<tbody>\n<tr>\n<td rowspan=\"2\" width=\"131\">Medida<\/td>\n<td rowspan=\"2\" width=\"415\">PR<\/td>\n<td width=\"62\">Est\u00e1ndar<\/td>\n<td width=\"54\">Carga<\/td>\n<td rowspan=\"2\" width=\"70\">Velocidad<br \/>\nvaluaci\u00f3n<\/td>\n<td rowspan=\"2\" width=\"93\">Ancho de la secci\u00f3n(mm)<\/td>\n<td rowspan=\"2\" width=\"54\">O.D(mm)<\/td>\n<td rowspan=\"2\" width=\"67\">Profundidad de la banda de rodadura(mm)<\/td>\n<td colspan=\"2\" width=\"108\">Capacidad de carga<\/td>\n<td rowspan=\"2\" width=\"65\">Ancho de la pisada (mm)<\/td>\n<\/tr>\n<tr>\n<td width=\"62\">Rim<\/td>\n<td width=\"54\">\u00edndice<\/td>\n<td width=\"54\">Soltero<\/td>\n<td width=\"54\">\u00a0Doble<\/td>\n<\/tr>\n<tr>\n<td width=\"131\">12R22.5<\/td>\n<td width=\"415\">18<\/td>\n<td width=\"62\">9.00<\/td>\n<td width=\"54\">152\/149<\/td>\n<td width=\"70\">L<\/td>\n<td width=\"93\">300<\/td>\n<td width=\"54\">1088<\/td>\n<td width=\"67\">20.5<\/td>\n<td width=\"54\">3550<\/td>\n<td width=\"54\">3250<\/td>\n<td width=\"65\">236<\/td>\n<\/tr>\n<\/tbody>\n<\/table>\n","protected":false},"excerpt":{"rendered":"<h2><a href=\"https:\/\/neumaticoparacamion.com\/?page_id=49\">llantas 22.5 FD827<\/a> llantas camion es el mejor neum\u00e1tico de tracci\u00f3n adecuado para posiciones de conducci\u00f3n de camiones regionales y de larga distancia<\/h2>\n","protected":false},"featured_media":329,"comment_status":"open","ping_status":"closed","template":"","meta":[],"product_cat":[15],"product_tag":[],"_links":{"self":[{"href":"https:\/\/neumaticoparacamion.com\/index.php?rest_route=\/wp\/v2\/product\/249"}],"collection":[{"href":"https:\/\/neumaticoparacamion.com\/index.php?rest_route=\/wp\/v2\/product"}],"about":[{"href":"https:\/\/neumaticoparacamion.com\/index.php?rest_route=\/wp\/v2\/types\/product"}],"replies":[{"embeddable":true,"href":"https:\/\/neumaticoparacamion.com\/index.php?rest_route=%2Fwp%2Fv2%2Fcomments&post=249"}],"wp:featuredmedia":[{"embeddable":true,"href":"https:\/\/neumaticoparacamion.com\/index.php?rest_route=\/wp\/v2\/media\/329"}],"wp:attachment":[{"href":"https:\/\/neumaticoparacamion.com\/index.php?rest_route=%2Fwp%2Fv2%2Fmedia&parent=249"}],"wp:term":[{"taxonomy":"product_cat","embeddable":true,"href":"https:\/\/neumaticoparacamion.com\/index.php?rest_route=%2Fwp%2Fv2%2Fproduct_cat&post=249"},{"taxonomy":"product_tag","embeddable":true,"href":"https:\/\/neumaticoparacamion.com\/index.php?rest_route=%2Fwp%2Fv2%2Fproduct_tag&post=249"}],"curies":[{"name":"wp","href":"https:\/\/api.w.org\/{rel}","templated":true}]}}