{"id":257,"date":"2023-11-14T08:56:20","date_gmt":"2023-11-14T08:56:20","guid":{"rendered":"https:\/\/neumaticoparacamion.com\/?post_type=product&#038;p=257"},"modified":"2024-02-28T06:23:23","modified_gmt":"2024-02-28T06:23:23","slug":"llantas-off-road-fa319-es-un-neumatico","status":"publish","type":"product","link":"https:\/\/neumaticoparacamion.com\/?product=llantas-off-road-fa319-es-un-neumatico","title":{"rendered":"FA319 Rueda de tracci\u00f3n"},"content":{"rendered":"<h3>Caracter\u00edsticas<\/h3>\n<ul>\n<li>El reemplazo de neum\u00e1ticos s\u00faper simples por neum\u00e1ticos gemelos puede reducir el peso del veh\u00edculo para proteger el medio ambiente.<\/li>\n<li>La superficie de conducci\u00f3n ampliada con un patr\u00f3n confiable y fuerte mejora la resistencia al desgaste y al impacto.<\/li>\n<li>Finas ranuras transversales ayudan a mejorar el agarre, especialmente indicado para veh\u00edculos forestales.<\/li>\n<\/ul>\n<h3>Especificaci\u00f3n<\/h3>\n<table width=\"1122\">\n<tbody>\n<tr>\n<td rowspan=\"2\" width=\"131\">Medida<\/td>\n<td rowspan=\"2\" width=\"415\">PR<\/td>\n<td width=\"62\">Est\u00e1ndar<\/td>\n<td width=\"54\">Carga<\/td>\n<td rowspan=\"2\" width=\"70\">Velocidad<br \/>\nvaluaci\u00f3n<\/td>\n<td rowspan=\"2\" width=\"93\">Ancho de la secci\u00f3n(mm)<\/td>\n<td rowspan=\"2\" width=\"54\">O.D(mm)<\/td>\n<td rowspan=\"2\" width=\"67\">Profundidad de la banda de rodadura(mm)<\/td>\n<td colspan=\"2\" width=\"108\">Capacidad de carga<\/td>\n<td rowspan=\"2\" width=\"65\">Ancho de la pisada (mm)<\/td>\n<\/tr>\n<tr>\n<td width=\"62\">Rim<\/td>\n<td width=\"54\">\u00edndice<\/td>\n<td width=\"54\">Soltero<\/td>\n<td width=\"54\">\u00a0Doble<\/td>\n<\/tr>\n<tr>\n<td>385\/65R22.5<\/td>\n<td>24<\/td>\n<td>11.75<\/td>\n<td>164<\/td>\n<td>K<\/td>\n<td>389<\/td>\n<td>1072<\/td>\n<td>17.0<\/td>\n<td>5000<\/td>\n<td>5000<\/td>\n<td>300<\/td>\n<\/tr>\n<\/tbody>\n<\/table>\n","protected":false},"excerpt":{"rendered":"<h2><a href=\"https:\/\/neumaticoparacamion.com\/?page_id=49\">Llantas Off Road<\/a> FA319 es un neum\u00e1tico s\u00faper simple adecuado para la posici\u00f3n de conducci\u00f3n de camiones en carreteras mixtas<\/h2>\n","protected":false},"featured_media":316,"comment_status":"open","ping_status":"closed","template":"","meta":[],"product_cat":[15],"product_tag":[],"_links":{"self":[{"href":"https:\/\/neumaticoparacamion.com\/index.php?rest_route=\/wp\/v2\/product\/257"}],"collection":[{"href":"https:\/\/neumaticoparacamion.com\/index.php?rest_route=\/wp\/v2\/product"}],"about":[{"href":"https:\/\/neumaticoparacamion.com\/index.php?rest_route=\/wp\/v2\/types\/product"}],"replies":[{"embeddable":true,"href":"https:\/\/neumaticoparacamion.com\/index.php?rest_route=%2Fwp%2Fv2%2Fcomments&post=257"}],"wp:featuredmedia":[{"embeddable":true,"href":"https:\/\/neumaticoparacamion.com\/index.php?rest_route=\/wp\/v2\/media\/316"}],"wp:attachment":[{"href":"https:\/\/neumaticoparacamion.com\/index.php?rest_route=%2Fwp%2Fv2%2Fmedia&parent=257"}],"wp:term":[{"taxonomy":"product_cat","embeddable":true,"href":"https:\/\/neumaticoparacamion.com\/index.php?rest_route=%2Fwp%2Fv2%2Fproduct_cat&post=257"},{"taxonomy":"product_tag","embeddable":true,"href":"https:\/\/neumaticoparacamion.com\/index.php?rest_route=%2Fwp%2Fv2%2Fproduct_tag&post=257"}],"curies":[{"name":"wp","href":"https:\/\/api.w.org\/{rel}","templated":true}]}}