{"id":259,"date":"2023-11-14T09:18:47","date_gmt":"2023-11-14T09:18:47","guid":{"rendered":"https:\/\/neumaticoparacamion.com\/?post_type=product&#038;p=259"},"modified":"2024-02-28T06:20:44","modified_gmt":"2024-02-28T06:20:44","slug":"sw518d-neumaticos-nieve-son-neumaticos-para-nieve","status":"publish","type":"product","link":"https:\/\/neumaticoparacamion.com\/?product=sw518d-neumaticos-nieve-son-neumaticos-para-nieve","title":{"rendered":"SW518D Rueda de tracci\u00f3n"},"content":{"rendered":"<h3>Caracter\u00edsticas<\/h3>\n<ul>\n<li>Las ranuras onduladas y poco profundas en 3D aumentan la capacidad de romper el hielo y la pel\u00edcula de la superficie de nieve, mejoran la seguridad de conducci\u00f3n en carreteras heladas y nevadas, para una distancia de frenado m\u00e1s corta y m\u00e1s seguridad.<\/li>\n<li>Las entalladuras 3D proporcionan capacidad de oclusi\u00f3n de bloques del patr\u00f3n y mejoran la rigidez, lo que garantiza un buen agarre y tracci\u00f3n junto con el dise\u00f1o optimizado del patr\u00f3n de conducci\u00f3n en invierno.<\/li>\n<li>La f\u00f3rmula designada para el invierno en la banda de rodadura garantiza que no se caigan bloques y una mayor profundidad de la banda de rodadura garantiza un mayor kilometraje<\/li>\n<\/ul>\n<h3>Especificaci\u00f3n<\/h3>\n<table width=\"1122\">\n<tbody>\n<tr>\n<td rowspan=\"2\" width=\"131\">Medida<\/td>\n<td rowspan=\"2\" width=\"415\">PR<\/td>\n<td width=\"62\">Est\u00e1ndar<\/td>\n<td width=\"54\">Carga<\/td>\n<td rowspan=\"2\" width=\"70\">Velocidad<br \/>\nvaluaci\u00f3n<\/td>\n<td rowspan=\"2\" width=\"93\">Ancho de la secci\u00f3n(mm)<\/td>\n<td rowspan=\"2\" width=\"54\">O.D(mm)<\/td>\n<td rowspan=\"2\" width=\"67\">Profundidad de la banda de rodadura(mm)<\/td>\n<td colspan=\"2\" width=\"108\">Capacidad de carga<\/td>\n<td rowspan=\"2\" width=\"65\">Ancho de la pisada (mm)<\/td>\n<\/tr>\n<tr>\n<td width=\"62\">Rim<\/td>\n<td width=\"54\">\u00edndice<\/td>\n<td width=\"54\">Soltero<\/td>\n<td width=\"54\">\u00a0Doble<\/td>\n<\/tr>\n<tr>\n<td>11R22.5<\/td>\n<td>llantas 16<\/td>\n<td>8.25<\/td>\n<td>146\/143<\/td>\n<td>M<\/td>\n<td>279<\/td>\n<td>1060<\/td>\n<td>21.0<\/td>\n<td>3000<\/td>\n<td>2725<\/td>\n<td width=\"65\">230<\/td>\n<\/tr>\n<tr>\n<td>11 r24 5<\/td>\n<td>16<\/td>\n<td>8.25<\/td>\n<td>149\/146<\/td>\n<td>K<\/td>\n<td>279<\/td>\n<td>1110<\/td>\n<td>21.0<\/td>\n<td>3250<\/td>\n<td>3000<\/td>\n<td width=\"65\">230<\/td>\n<\/tr>\n<\/tbody>\n<\/table>\n","protected":false},"excerpt":{"rendered":"<h2>SW518D <a href=\"https:\/\/neumaticoparacamion.com\/?page_id=49\">neumaticos nieve<\/a> son neum\u00e1ticos para nieve para camiones adecuados para la posici\u00f3n de conducci\u00f3n en invierno<\/h2>\n","protected":false},"featured_media":313,"comment_status":"open","ping_status":"closed","template":"","meta":[],"product_cat":[15],"product_tag":[],"_links":{"self":[{"href":"https:\/\/neumaticoparacamion.com\/index.php?rest_route=\/wp\/v2\/product\/259"}],"collection":[{"href":"https:\/\/neumaticoparacamion.com\/index.php?rest_route=\/wp\/v2\/product"}],"about":[{"href":"https:\/\/neumaticoparacamion.com\/index.php?rest_route=\/wp\/v2\/types\/product"}],"replies":[{"embeddable":true,"href":"https:\/\/neumaticoparacamion.com\/index.php?rest_route=%2Fwp%2Fv2%2Fcomments&post=259"}],"wp:featuredmedia":[{"embeddable":true,"href":"https:\/\/neumaticoparacamion.com\/index.php?rest_route=\/wp\/v2\/media\/313"}],"wp:attachment":[{"href":"https:\/\/neumaticoparacamion.com\/index.php?rest_route=%2Fwp%2Fv2%2Fmedia&parent=259"}],"wp:term":[{"taxonomy":"product_cat","embeddable":true,"href":"https:\/\/neumaticoparacamion.com\/index.php?rest_route=%2Fwp%2Fv2%2Fproduct_cat&post=259"},{"taxonomy":"product_tag","embeddable":true,"href":"https:\/\/neumaticoparacamion.com\/index.php?rest_route=%2Fwp%2Fv2%2Fproduct_tag&post=259"}],"curies":[{"name":"wp","href":"https:\/\/api.w.org\/{rel}","templated":true}]}}