{"id":261,"date":"2023-11-15T01:26:45","date_gmt":"2023-11-15T01:26:45","guid":{"rendered":"https:\/\/neumaticoparacamion.com\/?post_type=product&#038;p=261"},"modified":"2024-02-28T06:18:06","modified_gmt":"2024-02-28T06:18:06","slug":"neumaticos-11r-22-5-sw516d-son-neumaticos-de-invierno","status":"publish","type":"product","link":"https:\/\/neumaticoparacamion.com\/?product=neumaticos-11r-22-5-sw516d-son-neumaticos-de-invierno","title":{"rendered":"SW516D  Rueda de tracci\u00f3n"},"content":{"rendered":"<h3>Caracter\u00edsticas<\/h3>\n<ul>\n<li>Neumaticos para camion 11r 22.5-Las ranuras onduladas \u00fanicas aumentan el \u00e1rea de aterrizaje y la rigidez para un mejor agarre y tracci\u00f3n.<\/li>\n<li>El dise\u00f1o ranurado mejora el agarre y la tracci\u00f3n para una experiencia de conducci\u00f3n m\u00e1s segura en invierno.<\/li>\n<li>La f\u00f3rmula designada para el invierno en la banda de rodadura reduce la dureza de la banda de rodadura, mientras que el rendimiento de sujeci\u00f3n en nieve y hielo mejora para mayor seguridad.<\/li>\n<\/ul>\n<h3>Especificaci\u00f3n<\/h3>\n<table width=\"1122\">\n<tbody>\n<tr>\n<td rowspan=\"2\" width=\"131\">Medida<\/td>\n<td rowspan=\"2\" width=\"415\">PR<\/td>\n<td width=\"62\">Est\u00e1ndar<\/td>\n<td width=\"54\">Carga<\/td>\n<td rowspan=\"2\" width=\"70\">Velocidad<br \/>\nvaluaci\u00f3n<\/td>\n<td rowspan=\"2\" width=\"93\">Ancho de la secci\u00f3n(mm)<\/td>\n<td rowspan=\"2\" width=\"54\">O.D(mm)<\/td>\n<td rowspan=\"2\" width=\"67\">Profundidad de la banda de rodadura(mm)<\/td>\n<td colspan=\"2\" width=\"108\">Capacidad de carga<\/td>\n<td rowspan=\"2\" width=\"65\">Ancho de la pisada (mm)<\/td>\n<\/tr>\n<tr>\n<td width=\"62\">Rim<\/td>\n<td width=\"54\">\u00edndice<\/td>\n<td width=\"54\">Soltero<\/td>\n<td width=\"54\">\u00a0Doble<\/td>\n<\/tr>\n<tr>\n<td>11R22.5<\/td>\n<td>16<\/td>\n<td>8.25<\/td>\n<td>146\/143<\/td>\n<td>L<\/td>\n<td>279<\/td>\n<td>1060<\/td>\n<td>21.0<\/td>\n<td>3000<\/td>\n<td>2725<\/td>\n<td width=\"65\">230<\/td>\n<\/tr>\n<tr>\n<td>11R24.5<\/td>\n<td>16<\/td>\n<td>8.25<\/td>\n<td>149\/146<\/td>\n<td>K<\/td>\n<td>279<\/td>\n<td>1110<\/td>\n<td>21.0<\/td>\n<td>3250<\/td>\n<td>3000<\/td>\n<td width=\"65\">230<\/td>\n<\/tr>\n<\/tbody>\n<\/table>\n","protected":false},"excerpt":{"rendered":"<h2><a href=\"https:\/\/neumaticoparacamion.com\/?page_id=49\">Neumaticos 11r 22.5<\/a> SW516D son neum\u00e1ticos de invierno para camiones adecuados para la posici\u00f3n de conducci\u00f3n en invierno: (Norteam\u00e9rica)<\/h2>\n","protected":false},"featured_media":310,"comment_status":"open","ping_status":"closed","template":"","meta":[],"product_cat":[15],"product_tag":[],"_links":{"self":[{"href":"https:\/\/neumaticoparacamion.com\/index.php?rest_route=\/wp\/v2\/product\/261"}],"collection":[{"href":"https:\/\/neumaticoparacamion.com\/index.php?rest_route=\/wp\/v2\/product"}],"about":[{"href":"https:\/\/neumaticoparacamion.com\/index.php?rest_route=\/wp\/v2\/types\/product"}],"replies":[{"embeddable":true,"href":"https:\/\/neumaticoparacamion.com\/index.php?rest_route=%2Fwp%2Fv2%2Fcomments&post=261"}],"wp:featuredmedia":[{"embeddable":true,"href":"https:\/\/neumaticoparacamion.com\/index.php?rest_route=\/wp\/v2\/media\/310"}],"wp:attachment":[{"href":"https:\/\/neumaticoparacamion.com\/index.php?rest_route=%2Fwp%2Fv2%2Fmedia&parent=261"}],"wp:term":[{"taxonomy":"product_cat","embeddable":true,"href":"https:\/\/neumaticoparacamion.com\/index.php?rest_route=%2Fwp%2Fv2%2Fproduct_cat&post=261"},{"taxonomy":"product_tag","embeddable":true,"href":"https:\/\/neumaticoparacamion.com\/index.php?rest_route=%2Fwp%2Fv2%2Fproduct_tag&post=261"}],"curies":[{"name":"wp","href":"https:\/\/api.w.org\/{rel}","templated":true}]}}