{"id":263,"date":"2023-11-15T01:36:13","date_gmt":"2023-11-15T01:36:13","guid":{"rendered":"https:\/\/neumaticoparacamion.com\/?post_type=product&#038;p=263"},"modified":"2024-02-28T06:11:06","modified_gmt":"2024-02-28T06:11:06","slug":"llantas-r20-d656-adecuado-para-caminos-pavimentados-de-larga","status":"publish","type":"product","link":"https:\/\/neumaticoparacamion.com\/?product=llantas-r20-d656-adecuado-para-caminos-pavimentados-de-larga","title":{"rendered":"D656 Todas las ruedas de posici\u00f3n"},"content":{"rendered":"<h3>Caracter\u00edsticas<\/h3>\n<ul>\n<li>El dise\u00f1o profundo de la banda de rodadura proporciona una excelente resistencia al desgaste.<\/li>\n<li>La f\u00f3rmula de la banda de rodadura de baja generaci\u00f3n de calor, con hombro semiabierto, mejora la durabilidad del neum\u00e1tico.<\/li>\n<li>Adecuado para kilometraje original largo<\/li>\n<\/ul>\n<h3>Especificaci\u00f3n<\/h3>\n<table width=\"1056\">\n<tbody>\n<tr>\n<td rowspan=\"2\" width=\"131\">Medida<\/td>\n<td rowspan=\"2\" width=\"415\">PR<\/td>\n<td width=\"62\">Est\u00e1ndar<\/td>\n<td width=\"54\">Carga<\/td>\n<td rowspan=\"2\" width=\"70\">Velocidad<br \/>\nvaluaci\u00f3n<\/td>\n<td rowspan=\"2\" width=\"93\">Ancho de la secci\u00f3n(mm)<\/td>\n<td rowspan=\"2\" width=\"54\">O.D(mm)<\/td>\n<td rowspan=\"2\" width=\"67\">Profundidad de la banda de rodadura(mm)<\/td>\n<td colspan=\"2\" width=\"108\">Capacidad de carga<\/td>\n<\/tr>\n<tr>\n<td width=\"62\">Rim<\/td>\n<td width=\"54\">\u00edndice<\/td>\n<td width=\"54\">Soltero<\/td>\n<td width=\"54\">\u00a0Doble<\/td>\n<\/tr>\n<tr>\n<td width=\"131\">11.00r20<\/td>\n<td>18<\/td>\n<td>8.00<\/td>\n<td>152\/149<\/td>\n<td>K<\/td>\n<td>293<\/td>\n<td>1096<\/td>\n<td>17.0<\/td>\n<td>3550<\/td>\n<td>3250<\/td>\n<\/tr>\n<\/tbody>\n<\/table>\n","protected":false},"excerpt":{"rendered":"<h2><a href=\"https:\/\/neumaticoparacamion.com\/?page_id=49\">Llantas r20<\/a> D656 11.00 r20 Adecuado para caminos pavimentados de larga y media distancia.<\/h2>\n","protected":false},"featured_media":306,"comment_status":"open","ping_status":"closed","template":"","meta":[],"product_cat":[15],"product_tag":[],"_links":{"self":[{"href":"https:\/\/neumaticoparacamion.com\/index.php?rest_route=\/wp\/v2\/product\/263"}],"collection":[{"href":"https:\/\/neumaticoparacamion.com\/index.php?rest_route=\/wp\/v2\/product"}],"about":[{"href":"https:\/\/neumaticoparacamion.com\/index.php?rest_route=\/wp\/v2\/types\/product"}],"replies":[{"embeddable":true,"href":"https:\/\/neumaticoparacamion.com\/index.php?rest_route=%2Fwp%2Fv2%2Fcomments&post=263"}],"wp:featuredmedia":[{"embeddable":true,"href":"https:\/\/neumaticoparacamion.com\/index.php?rest_route=\/wp\/v2\/media\/306"}],"wp:attachment":[{"href":"https:\/\/neumaticoparacamion.com\/index.php?rest_route=%2Fwp%2Fv2%2Fmedia&parent=263"}],"wp:term":[{"taxonomy":"product_cat","embeddable":true,"href":"https:\/\/neumaticoparacamion.com\/index.php?rest_route=%2Fwp%2Fv2%2Fproduct_cat&post=263"},{"taxonomy":"product_tag","embeddable":true,"href":"https:\/\/neumaticoparacamion.com\/index.php?rest_route=%2Fwp%2Fv2%2Fproduct_tag&post=263"}],"curies":[{"name":"wp","href":"https:\/\/api.w.org\/{rel}","templated":true}]}}