{"id":267,"date":"2023-11-15T02:36:42","date_gmt":"2023-11-15T02:36:42","guid":{"rendered":"https:\/\/neumaticoparacamion.com\/?post_type=product&#038;p=267"},"modified":"2024-02-28T05:56:42","modified_gmt":"2024-02-28T05:56:42","slug":"fr889-llantas-camion-es-el-neumatico-para-camion","status":"publish","type":"product","link":"https:\/\/neumaticoparacamion.com\/?product=fr889-llantas-camion-es-el-neumatico-para-camion","title":{"rendered":"FR889 Ruedas de direcci\u00f3n"},"content":{"rendered":"<h3>Caracter\u00edsticas<\/h3>\n<ul>\n<li>El dise\u00f1o de las ranuras de la banda de rodadura proporciona una excelente estabilidad y un mayor kilometraje.<\/li>\n<li>La f\u00f3rmula especial de caucho de la banda de rodadura ofrece una mejor resistencia al frote.<\/li>\n<li>El dise\u00f1o \u00fanico de ranura proporciona un excelente manejo.<\/li>\n<li>La baja resistencia a la rodadura reduce el consumo de combustible, lo que hace que el neum\u00e1tico sea econ\u00f3mico y ecol\u00f3gico<\/li>\n<\/ul>\n<h3>Especificaci\u00f3n<\/h3>\n<table width=\"1122\">\n<tbody>\n<tr>\n<td rowspan=\"2\" width=\"131\">Medida<\/td>\n<td rowspan=\"2\" width=\"415\">PR<\/td>\n<td width=\"62\">Est\u00e1ndar<\/td>\n<td width=\"54\">Carga<\/td>\n<td rowspan=\"2\" width=\"70\">Velocidad<br \/>\nvaluaci\u00f3n<\/td>\n<td rowspan=\"2\" width=\"93\">Ancho de la secci\u00f3n(mm)<\/td>\n<td rowspan=\"2\" width=\"54\">O.D(mm)<\/td>\n<td rowspan=\"2\" width=\"67\">Profundidad de la banda de rodadura(mm)<\/td>\n<td colspan=\"2\" width=\"108\">Capacidad de carga<\/td>\n<td rowspan=\"2\" width=\"65\">Ancho de la pisada (mm)<\/td>\n<\/tr>\n<tr>\n<td width=\"62\">Rim<\/td>\n<td width=\"54\">\u00edndice<\/td>\n<td width=\"54\">Soltero<\/td>\n<td width=\"54\">\u00a0Doble<\/td>\n<\/tr>\n<tr>\n<td width=\"131\">295\/80R22.5<\/td>\n<td width=\"415\">18<\/td>\n<td width=\"62\">9.00<\/td>\n<td width=\"54\">152\/149<\/td>\n<td width=\"70\">M<\/td>\n<td width=\"93\">298<\/td>\n<td width=\"54\">1044<\/td>\n<td width=\"67\">15.0<\/td>\n<td>3550<\/td>\n<td>3250<\/td>\n<td>230<\/td>\n<\/tr>\n<tr>\n<td width=\"131\">315 80 22.5<\/td>\n<td width=\"415\">20<\/td>\n<td width=\"62\">9.00<\/td>\n<td width=\"54\">157\/154<\/td>\n<td width=\"70\">K<\/td>\n<td width=\"93\">312<\/td>\n<td width=\"54\">1076<\/td>\n<td width=\"67\">16.0<\/td>\n<td>4125<\/td>\n<td>3750<\/td>\n<td>235<\/td>\n<\/tr>\n<\/tbody>\n<\/table>\n","protected":false},"excerpt":{"rendered":"<h2>FR889 <a href=\"https:\/\/neumaticoparacamion.com\/?page_id=49\">llantas camion<\/a> es el neum\u00e1tico para cami\u00f3n de mayor duraci\u00f3n, adecuado para camiones en todas las posiciones en servicios regionales y de larga distancia<\/h2>\n","protected":false},"featured_media":298,"comment_status":"open","ping_status":"closed","template":"","meta":[],"product_cat":[15],"product_tag":[],"_links":{"self":[{"href":"https:\/\/neumaticoparacamion.com\/index.php?rest_route=\/wp\/v2\/product\/267"}],"collection":[{"href":"https:\/\/neumaticoparacamion.com\/index.php?rest_route=\/wp\/v2\/product"}],"about":[{"href":"https:\/\/neumaticoparacamion.com\/index.php?rest_route=\/wp\/v2\/types\/product"}],"replies":[{"embeddable":true,"href":"https:\/\/neumaticoparacamion.com\/index.php?rest_route=%2Fwp%2Fv2%2Fcomments&post=267"}],"wp:featuredmedia":[{"embeddable":true,"href":"https:\/\/neumaticoparacamion.com\/index.php?rest_route=\/wp\/v2\/media\/298"}],"wp:attachment":[{"href":"https:\/\/neumaticoparacamion.com\/index.php?rest_route=%2Fwp%2Fv2%2Fmedia&parent=267"}],"wp:term":[{"taxonomy":"product_cat","embeddable":true,"href":"https:\/\/neumaticoparacamion.com\/index.php?rest_route=%2Fwp%2Fv2%2Fproduct_cat&post=267"},{"taxonomy":"product_tag","embeddable":true,"href":"https:\/\/neumaticoparacamion.com\/index.php?rest_route=%2Fwp%2Fv2%2Fproduct_tag&post=267"}],"curies":[{"name":"wp","href":"https:\/\/api.w.org\/{rel}","templated":true}]}}