{"id":274,"date":"2023-11-15T02:55:22","date_gmt":"2023-11-15T02:55:22","guid":{"rendered":"https:\/\/neumaticoparacamion.com\/?post_type=product&#038;p=274"},"modified":"2024-02-28T05:54:49","modified_gmt":"2024-02-28T05:54:49","slug":"llantas-12r22-5-frl878-son-neumaticos-para-camiones-livianos-adecuados","status":"publish","type":"product","link":"https:\/\/neumaticoparacamion.com\/?product=llantas-12r22-5-frl878-son-neumaticos-para-camiones-livianos-adecuados","title":{"rendered":"FRL878 Todas la posici\u00f3n"},"content":{"rendered":"<h3>Caracter\u00edsticas<\/h3>\n<ul>\n<li>Las ranuras en zigzag y las ranuras poco profundas proporcionan un fuerte agarre en climas secos y h\u00famedos para reducir el derrape.<\/li>\n<li>Los hombros resistentes reducen el desgaste desigual.<\/li>\n<li>El dise\u00f1o s\u00f3lido de los hombros, junto con el compuesto de la banda de rodadura que genera baja calor, garantiza que los neum\u00e1ticos permanezcan fr\u00edos y se desgasten uniformemente<\/li>\n<li>durante la conducci\u00f3n continua a alta velocidad<\/li>\n<\/ul>\n<h3>Especificaci\u00f3n<\/h3>\n<table width=\"1122\">\n<tbody>\n<tr>\n<td rowspan=\"2\" width=\"131\">Medida<\/td>\n<td rowspan=\"2\" width=\"415\">PR<\/td>\n<td width=\"62\">Est\u00e1ndar<\/td>\n<td width=\"54\">Carga<\/td>\n<td rowspan=\"2\" width=\"70\">Velocidad<br \/>\nvaluaci\u00f3n<\/td>\n<td rowspan=\"2\" width=\"93\">Ancho de la secci\u00f3n(mm)<\/td>\n<td rowspan=\"2\" width=\"54\">O.D(mm)<\/td>\n<td rowspan=\"2\" width=\"67\">Profundidad de la banda de rodadura(mm)<\/td>\n<td colspan=\"2\" width=\"108\">Capacidad de carga<\/td>\n<td rowspan=\"2\" width=\"65\">Ancho de la pisada (mm)<\/td>\n<\/tr>\n<tr>\n<td width=\"62\">Rim<\/td>\n<td width=\"54\">\u00edndice<\/td>\n<td width=\"54\">Soltero<\/td>\n<td width=\"54\">\u00a0Doble<\/td>\n<\/tr>\n<tr>\n<td width=\"131\">llantas 12r22 5<\/td>\n<td width=\"415\">llantas rin 18<\/td>\n<td width=\"62\">9.00<\/td>\n<td width=\"54\">152\/149<\/td>\n<td width=\"70\">L<\/td>\n<td width=\"93\">300<\/td>\n<td width=\"54\">1078<\/td>\n<td width=\"67\">17.5<\/td>\n<td width=\"54\">3550<\/td>\n<td width=\"54\">3250<\/td>\n<td width=\"65\">236<\/td>\n<\/tr>\n<\/tbody>\n<\/table>\n","protected":false},"excerpt":{"rendered":"<h2><a href=\"https:\/\/neumaticoparacamion.com\/?page_id=49\">llantas 12r22 5<\/a> FRL878 son neum\u00e1ticos para camiones livianos adecuados para camiones regionales en todas las posiciones<\/h2>\n","protected":false},"featured_media":295,"comment_status":"open","ping_status":"closed","template":"","meta":[],"product_cat":[15],"product_tag":[],"_links":{"self":[{"href":"https:\/\/neumaticoparacamion.com\/index.php?rest_route=\/wp\/v2\/product\/274"}],"collection":[{"href":"https:\/\/neumaticoparacamion.com\/index.php?rest_route=\/wp\/v2\/product"}],"about":[{"href":"https:\/\/neumaticoparacamion.com\/index.php?rest_route=\/wp\/v2\/types\/product"}],"replies":[{"embeddable":true,"href":"https:\/\/neumaticoparacamion.com\/index.php?rest_route=%2Fwp%2Fv2%2Fcomments&post=274"}],"wp:featuredmedia":[{"embeddable":true,"href":"https:\/\/neumaticoparacamion.com\/index.php?rest_route=\/wp\/v2\/media\/295"}],"wp:attachment":[{"href":"https:\/\/neumaticoparacamion.com\/index.php?rest_route=%2Fwp%2Fv2%2Fmedia&parent=274"}],"wp:term":[{"taxonomy":"product_cat","embeddable":true,"href":"https:\/\/neumaticoparacamion.com\/index.php?rest_route=%2Fwp%2Fv2%2Fproduct_cat&post=274"},{"taxonomy":"product_tag","embeddable":true,"href":"https:\/\/neumaticoparacamion.com\/index.php?rest_route=%2Fwp%2Fv2%2Fproduct_tag&post=274"}],"curies":[{"name":"wp","href":"https:\/\/api.w.org\/{rel}","templated":true}]}}