{"id":275,"date":"2023-11-15T03:26:17","date_gmt":"2023-11-15T03:26:17","guid":{"rendered":"https:\/\/neumaticoparacamion.com\/?post_type=product&#038;p=275"},"modified":"2024-02-27T08:15:38","modified_gmt":"2024-02-27T08:15:38","slug":"ft805-llantas-chinas-marcas","status":"publish","type":"product","link":"https:\/\/neumaticoparacamion.com\/?product=ft805-llantas-chinas-marcas","title":{"rendered":"FT805 Ruedas de remolque"},"content":{"rendered":"<h3>Caracter\u00edsticas<\/h3>\n<p>FT805 es un neum\u00e1tico para posici\u00f3n de remolque de baja resistencia a la rodadura, verificado por EPA SmartWay\u00ae, dise\u00f1ado para m\u00faltiples aplicaciones. Su tecnolog\u00eda de bajo consumo de combustible utiliza extensas laminillas para fomentar un desgaste uniforme y su carcasa avanzada extiende la vida \u00fatil de los neum\u00e1ticos, lo que los convierte en la opci\u00f3n adecuada para propietarios a largo plazo.<\/p>\n<h3>Especificaci\u00f3n<\/h3>\n<table width=\"1122\">\n<tbody>\n<tr>\n<td rowspan=\"2\" width=\"131\">Medida<\/td>\n<td rowspan=\"2\" width=\"415\">PR<\/td>\n<td width=\"62\">Est\u00e1ndar<\/td>\n<td width=\"54\">Carga<\/td>\n<td rowspan=\"2\" width=\"70\">Velocidad<br \/>\nvaluaci\u00f3n<\/td>\n<td rowspan=\"2\" width=\"93\">Ancho de la secci\u00f3n(mm)<\/td>\n<td rowspan=\"2\" width=\"54\">O.D(mm)<\/td>\n<td rowspan=\"2\" width=\"67\">Profundidad de la banda de rodadura(mm)<\/td>\n<td colspan=\"2\" width=\"108\">Capacidad de carga<\/td>\n<td rowspan=\"2\" width=\"65\">Ancho de la pisada (mm)<\/td>\n<\/tr>\n<tr>\n<td width=\"62\">Rim<\/td>\n<td width=\"54\">\u00edndice<\/td>\n<td width=\"54\">Soltero<\/td>\n<td width=\"54\">\u00a0Doble<\/td>\n<\/tr>\n<tr>\n<td>\n<table style=\"border-collapse: collapse; width: 300.02pt;\" border=\"0\" width=\"300\" cellspacing=\"0\" cellpadding=\"0\">\n<tbody>\n<tr style=\"height: 16.80pt;\">\n<td style=\"height: 16.80pt; width: 300.20pt;\" width=\"300\" height=\"16\">llantas 11r 22.5<\/td>\n<\/tr>\n<\/tbody>\n<\/table>\n<\/td>\n<td width=\"415\">16<\/td>\n<td width=\"62\">8.25<\/td>\n<td width=\"54\">146\/143<\/td>\n<td width=\"70\">M<\/td>\n<td width=\"93\">279<\/td>\n<td width=\"54\">1054<\/td>\n<td width=\"67\">11.0<\/td>\n<td width=\"54\">3000<\/td>\n<td width=\"54\">2725<\/td>\n<td width=\"65\">220<\/td>\n<\/tr>\n<\/tbody>\n<\/table>\n","protected":false},"excerpt":{"rendered":"<h2><a href=\"https:\/\/neumaticoparacamion.com\/?page_id=49\">FT805<\/a> llantas chinas marcas es un neum\u00e1tico de remolque de bajo consumo de combustible llantas 15 todo terreno<\/h2>\n","protected":false},"featured_media":505,"comment_status":"open","ping_status":"closed","template":"","meta":[],"product_cat":[15],"product_tag":[],"_links":{"self":[{"href":"https:\/\/neumaticoparacamion.com\/index.php?rest_route=\/wp\/v2\/product\/275"}],"collection":[{"href":"https:\/\/neumaticoparacamion.com\/index.php?rest_route=\/wp\/v2\/product"}],"about":[{"href":"https:\/\/neumaticoparacamion.com\/index.php?rest_route=\/wp\/v2\/types\/product"}],"replies":[{"embeddable":true,"href":"https:\/\/neumaticoparacamion.com\/index.php?rest_route=%2Fwp%2Fv2%2Fcomments&post=275"}],"wp:featuredmedia":[{"embeddable":true,"href":"https:\/\/neumaticoparacamion.com\/index.php?rest_route=\/wp\/v2\/media\/505"}],"wp:attachment":[{"href":"https:\/\/neumaticoparacamion.com\/index.php?rest_route=%2Fwp%2Fv2%2Fmedia&parent=275"}],"wp:term":[{"taxonomy":"product_cat","embeddable":true,"href":"https:\/\/neumaticoparacamion.com\/index.php?rest_route=%2Fwp%2Fv2%2Fproduct_cat&post=275"},{"taxonomy":"product_tag","embeddable":true,"href":"https:\/\/neumaticoparacamion.com\/index.php?rest_route=%2Fwp%2Fv2%2Fproduct_tag&post=275"}],"curies":[{"name":"wp","href":"https:\/\/api.w.org\/{rel}","templated":true}]}}