{"id":279,"date":"2023-11-15T03:48:38","date_gmt":"2023-11-15T03:48:38","guid":{"rendered":"https:\/\/neumaticoparacamion.com\/?post_type=product&#038;p=279"},"modified":"2024-02-28T05:45:35","modified_gmt":"2024-02-28T05:45:35","slug":"fr658-neumaticos-11r-22-5-para-camiones-de-mayor-duracion","status":"publish","type":"product","link":"https:\/\/neumaticoparacamion.com\/?product=fr658-neumaticos-11r-22-5-para-camiones-de-mayor-duracion","title":{"rendered":"FR658 PLUS rueda de tracci\u00f3n"},"content":{"rendered":"<h3>Caracter\u00edsticas<\/h3>\n<ul>\n<li>El dise\u00f1o de las ranuras de la banda de rodadura proporciona una excelente estabilidad y un mayor kilometraje.<\/li>\n<li>La f\u00f3rmula especial de caucho de la banda de rodadura ofrece una mejor resistencia al frote.<\/li>\n<li>El dise\u00f1o \u00fanico de ranura proporciona un excelente manejo.<\/li>\n<li>La baja resistencia a la rodadura reduce el consumo de combustible, lo que hace que el neum\u00e1tico sea econ\u00f3mico y ecol\u00f3gico<\/li>\n<\/ul>\n<h3>Especificaci\u00f3n<\/h3>\n<table width=\"860\">\n<tbody>\n<tr>\n<td rowspan=\"2\" width=\"122\">Medida<\/td>\n<td rowspan=\"2\" width=\"101\">PR<\/td>\n<td width=\"71\">Est\u00e1ndar<\/td>\n<td width=\"54\">Carga<\/td>\n<td rowspan=\"2\" width=\"65\">Velocidad<br \/>\nvaluaci\u00f3n<\/td>\n<td rowspan=\"2\" width=\"83\">Ancho de la secci\u00f3n(mm)<\/td>\n<td rowspan=\"2\" width=\"54\">O.D(mm)<\/td>\n<td rowspan=\"2\" width=\"112\">Profundidad de la banda de rodadura(mm)<\/td>\n<td colspan=\"2\" width=\"108\">Capacidad de carga<\/td>\n<td rowspan=\"2\" width=\"85\">Ancho de la pisada (mm)<\/td>\n<\/tr>\n<tr>\n<td width=\"71\">Rim<\/td>\n<td width=\"54\">\u00edndice<\/td>\n<td width=\"54\">Soltero<\/td>\n<td width=\"54\">\u00a0Doble<\/td>\n<\/tr>\n<tr>\n<td width=\"122\">11R22.5<\/td>\n<td width=\"101\">18<\/td>\n<td width=\"71\">8.25<\/td>\n<td width=\"54\">149\/146<\/td>\n<td width=\"65\">K<\/td>\n<td width=\"83\">279<\/td>\n<td width=\"54\">1065<\/td>\n<td width=\"112\">22.0<\/td>\n<td width=\"54\">3250<\/td>\n<td width=\"54\">3000<\/td>\n<td width=\"85\">224<\/td>\n<\/tr>\n<tr>\n<td width=\"122\">12R22.5<\/td>\n<td width=\"101\">18<\/td>\n<td width=\"71\">9.00<\/td>\n<td width=\"54\">152\/149<\/td>\n<td width=\"65\">K<\/td>\n<td width=\"83\">300<\/td>\n<td width=\"54\">1078<\/td>\n<td width=\"112\">22.0<\/td>\n<td width=\"54\">3550<\/td>\n<td width=\"54\">3250<\/td>\n<td width=\"85\">240<\/td>\n<\/tr>\n<tr>\n<td width=\"122\">295\/80R22.5<\/td>\n<td width=\"101\">18<\/td>\n<td width=\"71\">8.25<\/td>\n<td width=\"54\">152\/149<\/td>\n<td width=\"65\">K<\/td>\n<td width=\"83\">298<\/td>\n<td width=\"54\">1044<\/td>\n<td width=\"112\">21.0<\/td>\n<td width=\"54\">3550<\/td>\n<td width=\"54\">3250<\/td>\n<td width=\"85\">256<\/td>\n<\/tr>\n<tr>\n<td width=\"122\">315\/80R22.5<\/td>\n<td width=\"101\">20<\/td>\n<td width=\"71\">9.00<\/td>\n<td width=\"54\">157\/154<\/td>\n<td width=\"65\">K<\/td>\n<td width=\"83\">312<\/td>\n<td width=\"54\">1076<\/td>\n<td width=\"112\">20.0<\/td>\n<td width=\"54\">4125<\/td>\n<td width=\"54\">3750<\/td>\n<td width=\"85\">270<\/td>\n<\/tr>\n<tr>\n<td width=\"122\">315\/80R22.5<\/td>\n<td width=\"101\">22<\/td>\n<td width=\"71\">9.00<\/td>\n<td width=\"54\">157\/154<\/td>\n<td width=\"65\">K<\/td>\n<td width=\"83\">312<\/td>\n<td width=\"54\">1076<\/td>\n<td width=\"112\">22.0<\/td>\n<td width=\"54\">5000<\/td>\n<td width=\"54\">4500<\/td>\n<td width=\"85\">270<\/td>\n<\/tr>\n<\/tbody>\n<\/table>\n","protected":false},"excerpt":{"rendered":"<h2>FR658 <a href=\"https:\/\/neumaticoparacamion.com\/?page_id=49\">neumaticos 11r 22.5<\/a> PLUS son neum\u00e1ticos para camiones de mayor duraci\u00f3n, adecuados para posiciones de conducci\u00f3n de camiones en servicios regionales<\/h2>\n","protected":false},"featured_media":406,"comment_status":"open","ping_status":"closed","template":"","meta":[],"product_cat":[75],"product_tag":[],"_links":{"self":[{"href":"https:\/\/neumaticoparacamion.com\/index.php?rest_route=\/wp\/v2\/product\/279"}],"collection":[{"href":"https:\/\/neumaticoparacamion.com\/index.php?rest_route=\/wp\/v2\/product"}],"about":[{"href":"https:\/\/neumaticoparacamion.com\/index.php?rest_route=\/wp\/v2\/types\/product"}],"replies":[{"embeddable":true,"href":"https:\/\/neumaticoparacamion.com\/index.php?rest_route=%2Fwp%2Fv2%2Fcomments&post=279"}],"wp:featuredmedia":[{"embeddable":true,"href":"https:\/\/neumaticoparacamion.com\/index.php?rest_route=\/wp\/v2\/media\/406"}],"wp:attachment":[{"href":"https:\/\/neumaticoparacamion.com\/index.php?rest_route=%2Fwp%2Fv2%2Fmedia&parent=279"}],"wp:term":[{"taxonomy":"product_cat","embeddable":true,"href":"https:\/\/neumaticoparacamion.com\/index.php?rest_route=%2Fwp%2Fv2%2Fproduct_cat&post=279"},{"taxonomy":"product_tag","embeddable":true,"href":"https:\/\/neumaticoparacamion.com\/index.php?rest_route=%2Fwp%2Fv2%2Fproduct_tag&post=279"}],"curies":[{"name":"wp","href":"https:\/\/api.w.org\/{rel}","templated":true}]}}