{"id":284,"date":"2023-11-15T06:13:28","date_gmt":"2023-11-15T06:13:28","guid":{"rendered":"https:\/\/neumaticoparacamion.com\/?post_type=product&#038;p=284"},"modified":"2024-02-28T05:42:48","modified_gmt":"2024-02-28T05:42:48","slug":"fd901-neumatico-315-80-r-22-5-son-neumaticos","status":"publish","type":"product","link":"https:\/\/neumaticoparacamion.com\/?product=fd901-neumatico-315-80-r-22-5-son-neumaticos","title":{"rendered":"FD901  Rueda de tracci\u00f3n"},"content":{"rendered":"<h3>Caracter\u00edsticas<\/h3>\n<ul>\n<li>El dise\u00f1o de patr\u00f3n \u00fanico es eficaz contra cortes.<\/li>\n<li>Excelente tracci\u00f3n<\/li>\n<li>Alta resistencia al frote<\/li>\n<\/ul>\n<h3>Especificaci\u00f3n<\/h3>\n<table width=\"860\">\n<tbody>\n<tr>\n<td rowspan=\"2\" width=\"122\">Medida<\/td>\n<td rowspan=\"2\" width=\"101\">PR<\/td>\n<td width=\"71\">Est\u00e1ndar<\/td>\n<td width=\"54\">Carga<\/td>\n<td rowspan=\"2\" width=\"65\">Velocidad<br \/>\nvaluaci\u00f3n<\/td>\n<td rowspan=\"2\" width=\"83\">Ancho de la secci\u00f3n(mm)<\/td>\n<td rowspan=\"2\" width=\"54\">O.D(mm)<\/td>\n<td rowspan=\"2\" width=\"112\">Profundidad de la banda de rodadura(mm)<\/td>\n<td colspan=\"2\" width=\"108\">Capacidad de carga<\/td>\n<td rowspan=\"2\" width=\"85\">Ancho de la pisada (mm)<\/td>\n<\/tr>\n<tr>\n<td width=\"71\">Rim<\/td>\n<td width=\"54\">\u00edndice<\/td>\n<td width=\"54\">Soltero<\/td>\n<td width=\"54\">\u00a0Doble<\/td>\n<\/tr>\n<tr>\n<td>215\/75R17.5<\/td>\n<td>18<\/td>\n<td>6.00<\/td>\n<td>135\/133<\/td>\n<td>J<\/td>\n<td>211<\/td>\n<td>766<\/td>\n<td>15.5<\/td>\n<td>2180<\/td>\n<td>2060<\/td>\n<td>185<\/td>\n<\/tr>\n<tr>\n<td>225\/70R19.5<\/td>\n<td>18<\/td>\n<td>6.75<\/td>\n<td>132\/130<\/td>\n<td>K<\/td>\n<td>226<\/td>\n<td>811<\/td>\n<td>15.5<\/td>\n<td>2000<\/td>\n<td>1900<\/td>\n<td>186<\/td>\n<\/tr>\n<tr>\n<td>225\/80R17.5<\/td>\n<td>18<\/td>\n<td>6.75<\/td>\n<td>129\/127<\/td>\n<td>J<\/td>\n<td>222<\/td>\n<td>805<\/td>\n<td>14.0<\/td>\n<td>1850<\/td>\n<td>1750<\/td>\n<td>175<\/td>\n<\/tr>\n<tr>\n<td>235\/75R17.5<\/td>\n<td>18<\/td>\n<td>6.75<\/td>\n<td>143\/141<\/td>\n<td>J<\/td>\n<td>233<\/td>\n<td>790<\/td>\n<td>15.5<\/td>\n<td>2725<\/td>\n<td>2575<\/td>\n<td>192<\/td>\n<\/tr>\n<tr>\n<td>245\/70R17.5<\/td>\n<td>18<\/td>\n<td>7.50<\/td>\n<td>134\/132<\/td>\n<td>K<\/td>\n<td>248<\/td>\n<td>789<\/td>\n<td>15.5<\/td>\n<td>2120<\/td>\n<td>2000<\/td>\n<td>208<\/td>\n<\/tr>\n<tr>\n<td>265\/70R19.5<\/td>\n<td>18<\/td>\n<td>7.50<\/td>\n<td>143\/141<\/td>\n<td>J<\/td>\n<td>262<\/td>\n<td>876<\/td>\n<td>15.5<\/td>\n<td>2725<\/td>\n<td>2575<\/td>\n<td>210<\/td>\n<\/tr>\n<tr>\n<td>9.5R17.5<\/td>\n<td>18<\/td>\n<td>6.75<\/td>\n<td>143\/141<\/td>\n<td>K<\/td>\n<td>240<\/td>\n<td>842<\/td>\n<td>16.5<\/td>\n<td>2725<\/td>\n<td>2575<\/td>\n<td>182<\/td>\n<\/tr>\n<tr>\n<td>315\/80R22.5<\/td>\n<td>20<\/td>\n<td>9.00<\/td>\n<td>157\/154<\/td>\n<td>K<\/td>\n<td>312<\/td>\n<td>1076<\/td>\n<td>20.0<\/td>\n<td>4125<\/td>\n<td>3750<\/td>\n<td>250<\/td>\n<\/tr>\n<\/tbody>\n<\/table>\n","protected":false},"excerpt":{"rendered":"<h2><a href=\"https:\/\/neumaticoparacamion.com\/?page_id=49\">FD901<\/a> neumatico 315 80 r 22.5 son neumaticos camion camiones anchos adecuados para camiones regionales y de larga distancia.<\/h2>\n","protected":false},"featured_media":297,"comment_status":"open","ping_status":"closed","template":"","meta":[],"product_cat":[15],"product_tag":[],"_links":{"self":[{"href":"https:\/\/neumaticoparacamion.com\/index.php?rest_route=\/wp\/v2\/product\/284"}],"collection":[{"href":"https:\/\/neumaticoparacamion.com\/index.php?rest_route=\/wp\/v2\/product"}],"about":[{"href":"https:\/\/neumaticoparacamion.com\/index.php?rest_route=\/wp\/v2\/types\/product"}],"replies":[{"embeddable":true,"href":"https:\/\/neumaticoparacamion.com\/index.php?rest_route=%2Fwp%2Fv2%2Fcomments&post=284"}],"wp:featuredmedia":[{"embeddable":true,"href":"https:\/\/neumaticoparacamion.com\/index.php?rest_route=\/wp\/v2\/media\/297"}],"wp:attachment":[{"href":"https:\/\/neumaticoparacamion.com\/index.php?rest_route=%2Fwp%2Fv2%2Fmedia&parent=284"}],"wp:term":[{"taxonomy":"product_cat","embeddable":true,"href":"https:\/\/neumaticoparacamion.com\/index.php?rest_route=%2Fwp%2Fv2%2Fproduct_cat&post=284"},{"taxonomy":"product_tag","embeddable":true,"href":"https:\/\/neumaticoparacamion.com\/index.php?rest_route=%2Fwp%2Fv2%2Fproduct_tag&post=284"}],"curies":[{"name":"wp","href":"https:\/\/api.w.org\/{rel}","templated":true}]}}